{"id":2143,"date":"2022-10-11T19:11:18","date_gmt":"2022-10-11T17:11:18","guid":{"rendered":"https:\/\/manufacturedemonaco.com\/produit\/contenant-pour-amuse-bouche-16-cm\/"},"modified":"2023-01-20T10:28:54","modified_gmt":"2023-01-20T09:28:54","slug":"contenant-pour-amuse-bouche-16-cm","status":"publish","type":"product","link":"https:\/\/manufacturedemonaco.com\/en\/produit\/contenant-pour-amuse-bouche-16-cm\/","title":{"rendered":"Container for amuse bouche 16 cm"},"content":{"rendered":"<p><span data-sheets-value=\"{&quot;1&quot;:2,&quot;2&quot;:&quot;These dishes have no limits, their outline is hidden in a swollen form, their topology is that of a sphere, a fish or a ship. They elevate the gastronomic preparation like a king's crown or a jewel on its cushion, giving a ritual seat of excellence on the table. Chef Mauro Colgreco's Mirazur restaurant*** is located on the border between France and Italy, facing the sea where the horizon widens until it disappears.&quot;}\" data-sheets-userformat=\"{&quot;2&quot;:12735,&quot;3&quot;:{&quot;1&quot;:0,&quot;3&quot;:1},&quot;4&quot;:{&quot;1&quot;:2,&quot;2&quot;:13824474},&quot;5&quot;:{&quot;1&quot;:[{&quot;1&quot;:2,&quot;2&quot;:0,&quot;5&quot;:{&quot;1&quot;:2,&quot;2&quot;:0}},{&quot;1&quot;:0,&quot;2&quot;:0,&quot;3&quot;:3},{&quot;1&quot;:1,&quot;2&quot;:0,&quot;4&quot;:1}]},&quot;6&quot;:{&quot;1&quot;:[{&quot;1&quot;:2,&quot;2&quot;:0,&quot;5&quot;:{&quot;1&quot;:2,&quot;2&quot;:0}},{&quot;1&quot;:0,&quot;2&quot;:0,&quot;3&quot;:3},{&quot;1&quot;:1,&quot;2&quot;:0,&quot;4&quot;:1}]},&quot;7&quot;:{&quot;1&quot;:[{&quot;1&quot;:2,&quot;2&quot;:0,&quot;5&quot;:{&quot;1&quot;:2,&quot;2&quot;:0}},{&quot;1&quot;:0,&quot;2&quot;:0,&quot;3&quot;:3},{&quot;1&quot;:1,&quot;2&quot;:0,&quot;4&quot;:1}]},&quot;8&quot;:{&quot;1&quot;:[{&quot;1&quot;:2,&quot;2&quot;:0,&quot;5&quot;:{&quot;1&quot;:2,&quot;2&quot;:0}},{&quot;1&quot;:0,&quot;2&quot;:0,&quot;3&quot;:3},{&quot;1&quot;:1,&quot;2&quot;:0,&quot;4&quot;:1}]},&quot;10&quot;:1,&quot;11&quot;:4,&quot;15&quot;:&quot;Arial&quot;,&quot;16&quot;:12}\">These dishes have no limits, their outline is hidden in a swollen form, their topology is that of a sphere, a fish or a ship. They elevate the gastronomic preparation like a king&#8217;s crown or a jewel on its cushion, giving a ritual seat of excellence on the table. Chef Mauro Colgreco&#8217;s Mirazur restaurant*** is located on the border between France and Italy, facing the sea where the horizon widens until it disappears.<\/span><\/p>\n","protected":false},"excerpt":{"rendered":"<p>Rounded white porcelain dish<br \/>\nDiameter 16 cm<br \/>\nWhite and Cobalt Blue Enamel<\/p>\n","protected":false},"featured_media":0,"template":"","meta":{"_acf_changed":false,"_monsterinsights_skip_tracking":false,"_monsterinsights_sitenote_active":false,"_monsterinsights_sitenote_note":"","_monsterinsights_sitenote_category":0},"product_brand":[],"product_cat":[146],"product_tag":[],"suggestions":[],"class_list":{"0":"post-2143","1":"product","2":"type-product","3":"status-publish","5":"product_cat-tableware-en","7":"first","8":"outofstock","9":"taxable","10":"shipping-taxable","11":"purchasable","12":"product-type-simple"},"group_of_quantity":0,"min_quantity":0,"max_quantity":"","exclude_order_quantity_value_rules":"no","exclude_category_quantity_rules":"no","combine_variations":"no","acf":[],"yoast_head":"<!-- This site is optimized with the Yoast SEO plugin v27.4 - https:\/\/yoast.com\/product\/yoast-seo-wordpress\/ -->\n<title>Contenant pour amuse bouche 16 cm<\/title>\n<meta name=\"description\" content=\"Ces plats jouent a n&#039;avoir pas de limites, leur contour est cach\u00e9 dans une forme gonfl\u00e9e, sa topologie est celle d&#039;une sph\u00e8re, celle d&#039;un poisson ou d&#039;un navire. Ils \u00e9l\u00e8vent la pr\u00e9paration gastronomique comme on soul\u00e8ve la couronne d&#039;un roi ou un bijou sur son coussin, ce qui donne une assise d&#039;excellence rituelle sur la table. Le restaurant Mirazur du chef Mauro Colgreco*** est situ\u00e9 sur la fronti\u00e8re entre la France et l&#039;Italie, tourn\u00e9 sur la mer ou la limite des fronti\u00e8re s&#039;\u00e9largie jusqu&#039;\u00e0 disparaitre.\" \/>\n<meta name=\"robots\" content=\"index, follow, max-snippet:-1, max-image-preview:large, max-video-preview:-1\" \/>\n<link rel=\"canonical\" href=\"https:\/\/manufacturedemonaco.com\/en\/produit\/contenant-pour-amuse-bouche-16-cm\/\" \/>\n<meta property=\"og:locale\" content=\"en_US\" \/>\n<meta property=\"og:type\" content=\"article\" \/>\n<meta property=\"og:title\" content=\"Contenant pour amuse bouche 16 cm\" \/>\n<meta property=\"og:description\" content=\"Ces plats jouent a n&#039;avoir pas de limites, leur contour est cach\u00e9 dans une forme gonfl\u00e9e, sa topologie est celle d&#039;une sph\u00e8re, celle d&#039;un poisson ou d&#039;un navire. Ils \u00e9l\u00e8vent la pr\u00e9paration gastronomique comme on soul\u00e8ve la couronne d&#039;un roi ou un bijou sur son coussin, ce qui donne une assise d&#039;excellence rituelle sur la table. Le restaurant Mirazur du chef Mauro Colgreco*** est situ\u00e9 sur la fronti\u00e8re entre la France et l&#039;Italie, tourn\u00e9 sur la mer ou la limite des fronti\u00e8re s&#039;\u00e9largie jusqu&#039;\u00e0 disparaitre.\" \/>\n<meta property=\"og:url\" content=\"https:\/\/manufacturedemonaco.com\/en\/produit\/contenant-pour-amuse-bouche-16-cm\/\" \/>\n<meta property=\"og:site_name\" content=\"Manufacture de Monaco Boutique\" \/>\n<meta property=\"article:publisher\" content=\"https:\/\/www.facebook.com\/manufacturedemonaco\/\" \/>\n<meta property=\"article:modified_time\" content=\"2023-01-20T09:28:54+00:00\" \/>\n<meta property=\"og:image\" content=\"https:\/\/manufacturedemonaco.com\/wp-content\/uploads\/2022\/10\/GAR1KI-scaled-1.jpg\" \/>\n\t<meta property=\"og:image:width\" content=\"2560\" \/>\n\t<meta property=\"og:image:height\" content=\"1920\" \/>\n\t<meta property=\"og:image:type\" content=\"image\/jpeg\" \/>\n<meta name=\"twitter:card\" content=\"summary_large_image\" \/>\n<meta name=\"twitter:title\" content=\"Contenant pour amuse bouche 16 cm\" \/>\n<meta name=\"twitter:description\" content=\"Ces plats jouent a n&#039;avoir pas de limites, leur contour est cach\u00e9 dans une forme gonfl\u00e9e, sa topologie est celle d&#039;une sph\u00e8re, celle d&#039;un poisson ou d&#039;un navire. Ils \u00e9l\u00e8vent la pr\u00e9paration gastronomique comme on soul\u00e8ve la couronne d&#039;un roi ou un bijou sur son coussin, ce qui donne une assise d&#039;excellence rituelle sur la table. Le restaurant Mirazur du chef Mauro Colgreco*** est situ\u00e9 sur la fronti\u00e8re entre la France et l&#039;Italie, tourn\u00e9 sur la mer ou la limite des fronti\u00e8re s&#039;\u00e9largie jusqu&#039;\u00e0 disparaitre.\" \/>\n<meta name=\"twitter:label1\" content=\"Est. reading time\" \/>\n\t<meta name=\"twitter:data1\" content=\"1 minute\" \/>\n<script type=\"application\/ld+json\" class=\"yoast-schema-graph\">{\"@context\":\"https:\\\/\\\/schema.org\",\"@graph\":[{\"@type\":\"WebPage\",\"@id\":\"https:\\\/\\\/manufacturedemonaco.com\\\/en\\\/produit\\\/contenant-pour-amuse-bouche-16-cm\\\/\",\"url\":\"https:\\\/\\\/manufacturedemonaco.com\\\/en\\\/produit\\\/contenant-pour-amuse-bouche-16-cm\\\/\",\"name\":\"Contenant pour amuse bouche 16 cm\",\"isPartOf\":{\"@id\":\"https:\\\/\\\/manufacturedemonaco.com\\\/en\\\/#website\"},\"datePublished\":\"2022-10-11T17:11:18+00:00\",\"dateModified\":\"2023-01-20T09:28:54+00:00\",\"description\":\"Ces plats jouent a n'avoir pas de limites, leur contour est cach\u00e9 dans une forme gonfl\u00e9e, sa topologie est celle d'une sph\u00e8re, celle d'un poisson ou d'un navire. Ils \u00e9l\u00e8vent la pr\u00e9paration gastronomique comme on soul\u00e8ve la couronne d'un roi ou un bijou sur son coussin, ce qui donne une assise d'excellence rituelle sur la table. Le restaurant Mirazur du chef Mauro Colgreco*** est situ\u00e9 sur la fronti\u00e8re entre la France et l'Italie, tourn\u00e9 sur la mer ou la limite des fronti\u00e8re s'\u00e9largie jusqu'\u00e0 disparaitre.\",\"breadcrumb\":{\"@id\":\"https:\\\/\\\/manufacturedemonaco.com\\\/en\\\/produit\\\/contenant-pour-amuse-bouche-16-cm\\\/#breadcrumb\"},\"inLanguage\":\"en-US\",\"potentialAction\":[{\"@type\":\"ReadAction\",\"target\":[\"https:\\\/\\\/manufacturedemonaco.com\\\/en\\\/produit\\\/contenant-pour-amuse-bouche-16-cm\\\/\"]}]},{\"@type\":\"BreadcrumbList\",\"@id\":\"https:\\\/\\\/manufacturedemonaco.com\\\/en\\\/produit\\\/contenant-pour-amuse-bouche-16-cm\\\/#breadcrumb\",\"itemListElement\":[{\"@type\":\"ListItem\",\"position\":1,\"name\":\"Accueil\",\"item\":\"https:\\\/\\\/manufacturedemonaco.com\\\/en\\\/\"},{\"@type\":\"ListItem\",\"position\":2,\"name\":\"Shop\",\"item\":\"https:\\\/\\\/manufacturedemonaco.com\\\/en\\\/shop\\\/\"},{\"@type\":\"ListItem\",\"position\":3,\"name\":\"Tableware\",\"item\":\"https:\\\/\\\/manufacturedemonaco.com\\\/en\\\/categorie-produit\\\/tableware-en\\\/\"},{\"@type\":\"ListItem\",\"position\":4,\"name\":\"Porcelain\",\"item\":\"https:\\\/\\\/manufacturedemonaco.com\\\/en\\\/categorie-produit\\\/tableware-en\\\/porcelain\\\/\"},{\"@type\":\"ListItem\",\"position\":5,\"name\":\"Salad bowls\",\"item\":\"https:\\\/\\\/manufacturedemonaco.com\\\/en\\\/categorie-produit\\\/tableware-en\\\/porcelain\\\/salad-bowls\\\/\"},{\"@type\":\"ListItem\",\"position\":6,\"name\":\"Container for amuse bouche 16 cm\"}]},{\"@type\":\"WebSite\",\"@id\":\"https:\\\/\\\/manufacturedemonaco.com\\\/en\\\/#website\",\"url\":\"https:\\\/\\\/manufacturedemonaco.com\\\/en\\\/\",\"name\":\"Manufacture de Monaco Boutique\",\"description\":\"art de la table et d\u00e9coration\",\"publisher\":{\"@id\":\"https:\\\/\\\/manufacturedemonaco.com\\\/en\\\/#organization\"},\"potentialAction\":[{\"@type\":\"SearchAction\",\"target\":{\"@type\":\"EntryPoint\",\"urlTemplate\":\"https:\\\/\\\/manufacturedemonaco.com\\\/en\\\/?s={search_term_string}\"},\"query-input\":{\"@type\":\"PropertyValueSpecification\",\"valueRequired\":true,\"valueName\":\"search_term_string\"}}],\"inLanguage\":\"en-US\"},{\"@type\":\"Organization\",\"@id\":\"https:\\\/\\\/manufacturedemonaco.com\\\/en\\\/#organization\",\"name\":\"Manufacture de Monaco Boutique\",\"url\":\"https:\\\/\\\/manufacturedemonaco.com\\\/en\\\/\",\"logo\":{\"@type\":\"ImageObject\",\"inLanguage\":\"en-US\",\"@id\":\"https:\\\/\\\/manufacturedemonaco.com\\\/en\\\/#\\\/schema\\\/logo\\\/image\\\/\",\"url\":\"https:\\\/\\\/manufacturedemonaco.com\\\/wp-content\\\/uploads\\\/2022\\\/10\\\/Logo_boutique_en.png\",\"contentUrl\":\"https:\\\/\\\/manufacturedemonaco.com\\\/wp-content\\\/uploads\\\/2022\\\/10\\\/Logo_boutique_en.png\",\"width\":1200,\"height\":960,\"caption\":\"Manufacture de Monaco Boutique\"},\"image\":{\"@id\":\"https:\\\/\\\/manufacturedemonaco.com\\\/en\\\/#\\\/schema\\\/logo\\\/image\\\/\"},\"sameAs\":[\"https:\\\/\\\/www.facebook.com\\\/manufacturedemonaco\\\/\",\"https:\\\/\\\/www.instagram.com\\\/manufacturedemonaco\\\/\"]}]}<\/script>\n<!-- \/ Yoast SEO plugin. -->","yoast_head_json":{"title":"Contenant pour amuse bouche 16 cm","description":"Ces plats jouent a n'avoir pas de limites, leur contour est cach\u00e9 dans une forme gonfl\u00e9e, sa topologie est celle d'une sph\u00e8re, celle d'un poisson ou d'un navire. Ils \u00e9l\u00e8vent la pr\u00e9paration gastronomique comme on soul\u00e8ve la couronne d'un roi ou un bijou sur son coussin, ce qui donne une assise d'excellence rituelle sur la table. Le restaurant Mirazur du chef Mauro Colgreco*** est situ\u00e9 sur la fronti\u00e8re entre la France et l'Italie, tourn\u00e9 sur la mer ou la limite des fronti\u00e8re s'\u00e9largie jusqu'\u00e0 disparaitre.","robots":{"index":"index","follow":"follow","max-snippet":"max-snippet:-1","max-image-preview":"max-image-preview:large","max-video-preview":"max-video-preview:-1"},"canonical":"https:\/\/manufacturedemonaco.com\/en\/produit\/contenant-pour-amuse-bouche-16-cm\/","og_locale":"en_US","og_type":"article","og_title":"Contenant pour amuse bouche 16 cm","og_description":"Ces plats jouent a n'avoir pas de limites, leur contour est cach\u00e9 dans une forme gonfl\u00e9e, sa topologie est celle d'une sph\u00e8re, celle d'un poisson ou d'un navire. Ils \u00e9l\u00e8vent la pr\u00e9paration gastronomique comme on soul\u00e8ve la couronne d'un roi ou un bijou sur son coussin, ce qui donne une assise d'excellence rituelle sur la table. Le restaurant Mirazur du chef Mauro Colgreco*** est situ\u00e9 sur la fronti\u00e8re entre la France et l'Italie, tourn\u00e9 sur la mer ou la limite des fronti\u00e8re s'\u00e9largie jusqu'\u00e0 disparaitre.","og_url":"https:\/\/manufacturedemonaco.com\/en\/produit\/contenant-pour-amuse-bouche-16-cm\/","og_site_name":"Manufacture de Monaco Boutique","article_publisher":"https:\/\/www.facebook.com\/manufacturedemonaco\/","article_modified_time":"2023-01-20T09:28:54+00:00","og_image":[{"width":2560,"height":1920,"url":"https:\/\/manufacturedemonaco.com\/wp-content\/uploads\/2022\/10\/GAR1KI-scaled-1.jpg","type":"image\/jpeg"}],"twitter_card":"summary_large_image","twitter_title":"Contenant pour amuse bouche 16 cm","twitter_description":"Ces plats jouent a n'avoir pas de limites, leur contour est cach\u00e9 dans une forme gonfl\u00e9e, sa topologie est celle d'une sph\u00e8re, celle d'un poisson ou d'un navire. Ils \u00e9l\u00e8vent la pr\u00e9paration gastronomique comme on soul\u00e8ve la couronne d'un roi ou un bijou sur son coussin, ce qui donne une assise d'excellence rituelle sur la table. Le restaurant Mirazur du chef Mauro Colgreco*** est situ\u00e9 sur la fronti\u00e8re entre la France et l'Italie, tourn\u00e9 sur la mer ou la limite des fronti\u00e8re s'\u00e9largie jusqu'\u00e0 disparaitre.","twitter_misc":{"Est. reading time":"1 minute"},"schema":{"@context":"https:\/\/schema.org","@graph":[{"@type":"WebPage","@id":"https:\/\/manufacturedemonaco.com\/en\/produit\/contenant-pour-amuse-bouche-16-cm\/","url":"https:\/\/manufacturedemonaco.com\/en\/produit\/contenant-pour-amuse-bouche-16-cm\/","name":"Contenant pour amuse bouche 16 cm","isPartOf":{"@id":"https:\/\/manufacturedemonaco.com\/en\/#website"},"datePublished":"2022-10-11T17:11:18+00:00","dateModified":"2023-01-20T09:28:54+00:00","description":"Ces plats jouent a n'avoir pas de limites, leur contour est cach\u00e9 dans une forme gonfl\u00e9e, sa topologie est celle d'une sph\u00e8re, celle d'un poisson ou d'un navire. Ils \u00e9l\u00e8vent la pr\u00e9paration gastronomique comme on soul\u00e8ve la couronne d'un roi ou un bijou sur son coussin, ce qui donne une assise d'excellence rituelle sur la table. Le restaurant Mirazur du chef Mauro Colgreco*** est situ\u00e9 sur la fronti\u00e8re entre la France et l'Italie, tourn\u00e9 sur la mer ou la limite des fronti\u00e8re s'\u00e9largie jusqu'\u00e0 disparaitre.","breadcrumb":{"@id":"https:\/\/manufacturedemonaco.com\/en\/produit\/contenant-pour-amuse-bouche-16-cm\/#breadcrumb"},"inLanguage":"en-US","potentialAction":[{"@type":"ReadAction","target":["https:\/\/manufacturedemonaco.com\/en\/produit\/contenant-pour-amuse-bouche-16-cm\/"]}]},{"@type":"BreadcrumbList","@id":"https:\/\/manufacturedemonaco.com\/en\/produit\/contenant-pour-amuse-bouche-16-cm\/#breadcrumb","itemListElement":[{"@type":"ListItem","position":1,"name":"Accueil","item":"https:\/\/manufacturedemonaco.com\/en\/"},{"@type":"ListItem","position":2,"name":"Shop","item":"https:\/\/manufacturedemonaco.com\/en\/shop\/"},{"@type":"ListItem","position":3,"name":"Tableware","item":"https:\/\/manufacturedemonaco.com\/en\/categorie-produit\/tableware-en\/"},{"@type":"ListItem","position":4,"name":"Porcelain","item":"https:\/\/manufacturedemonaco.com\/en\/categorie-produit\/tableware-en\/porcelain\/"},{"@type":"ListItem","position":5,"name":"Salad bowls","item":"https:\/\/manufacturedemonaco.com\/en\/categorie-produit\/tableware-en\/porcelain\/salad-bowls\/"},{"@type":"ListItem","position":6,"name":"Container for amuse bouche 16 cm"}]},{"@type":"WebSite","@id":"https:\/\/manufacturedemonaco.com\/en\/#website","url":"https:\/\/manufacturedemonaco.com\/en\/","name":"Manufacture de Monaco Boutique","description":"art de la table et d\u00e9coration","publisher":{"@id":"https:\/\/manufacturedemonaco.com\/en\/#organization"},"potentialAction":[{"@type":"SearchAction","target":{"@type":"EntryPoint","urlTemplate":"https:\/\/manufacturedemonaco.com\/en\/?s={search_term_string}"},"query-input":{"@type":"PropertyValueSpecification","valueRequired":true,"valueName":"search_term_string"}}],"inLanguage":"en-US"},{"@type":"Organization","@id":"https:\/\/manufacturedemonaco.com\/en\/#organization","name":"Manufacture de Monaco Boutique","url":"https:\/\/manufacturedemonaco.com\/en\/","logo":{"@type":"ImageObject","inLanguage":"en-US","@id":"https:\/\/manufacturedemonaco.com\/en\/#\/schema\/logo\/image\/","url":"https:\/\/manufacturedemonaco.com\/wp-content\/uploads\/2022\/10\/Logo_boutique_en.png","contentUrl":"https:\/\/manufacturedemonaco.com\/wp-content\/uploads\/2022\/10\/Logo_boutique_en.png","width":1200,"height":960,"caption":"Manufacture de Monaco Boutique"},"image":{"@id":"https:\/\/manufacturedemonaco.com\/en\/#\/schema\/logo\/image\/"},"sameAs":["https:\/\/www.facebook.com\/manufacturedemonaco\/","https:\/\/www.instagram.com\/manufacturedemonaco\/"]}]}},"_links":{"self":[{"href":"https:\/\/manufacturedemonaco.com\/en\/wp-json\/wp\/v2\/product\/2143","targetHints":{"allow":["GET"]}}],"collection":[{"href":"https:\/\/manufacturedemonaco.com\/en\/wp-json\/wp\/v2\/product"}],"about":[{"href":"https:\/\/manufacturedemonaco.com\/en\/wp-json\/wp\/v2\/types\/product"}],"wp:attachment":[{"href":"https:\/\/manufacturedemonaco.com\/en\/wp-json\/wp\/v2\/media?parent=2143"}],"wp:term":[{"taxonomy":"product_brand","embeddable":true,"href":"https:\/\/manufacturedemonaco.com\/en\/wp-json\/wp\/v2\/product_brand?post=2143"},{"taxonomy":"product_cat","embeddable":true,"href":"https:\/\/manufacturedemonaco.com\/en\/wp-json\/wp\/v2\/product_cat?post=2143"},{"taxonomy":"product_tag","embeddable":true,"href":"https:\/\/manufacturedemonaco.com\/en\/wp-json\/wp\/v2\/product_tag?post=2143"},{"taxonomy":"suggestions","embeddable":true,"href":"https:\/\/manufacturedemonaco.com\/en\/wp-json\/wp\/v2\/suggestions?post=2143"}],"curies":[{"name":"wp","href":"https:\/\/api.w.org\/{rel}","templated":true}]}}