{"id":2108,"date":"2022-10-11T19:10:41","date_gmt":"2022-10-11T17:10:41","guid":{"rendered":"https:\/\/manufacturedemonaco.com\/produit\/saladier-36-cm\/"},"modified":"2023-01-20T10:28:46","modified_gmt":"2023-01-20T09:28:46","slug":"saladier-36-cm","status":"publish","type":"product","link":"https:\/\/manufacturedemonaco.com\/en\/produit\/saladier-36-cm\/","title":{"rendered":"Salad bowl 36 cm"},"content":{"rendered":"<p>Use it for your colorful summer salads as well as for presenting vegetables or hot dishes. This bowl can also be used for a fruit arrangement and will look great on your kitchen counter.<br \/>\nYour item may have small differences in dimensions and finishes which is the beauty of handcrafting and makes your piece unique.<\/p>\n","protected":false},"excerpt":{"rendered":"<p>Porcelain salad bowl<br \/>\nDiameter 36 cm<\/p>\n","protected":false},"featured_media":3155,"template":"","meta":{"_acf_changed":false,"_monsterinsights_skip_tracking":false,"_monsterinsights_sitenote_active":false,"_monsterinsights_sitenote_note":"","_monsterinsights_sitenote_category":0},"product_brand":[],"product_cat":[127,115,113,147,160,146,112],"product_tag":[],"suggestions":[],"class_list":{"0":"post-2108","1":"product","2":"type-product","3":"status-publish","4":"has-post-thumbnail","6":"product_cat-cups-and-bowls-en","7":"product_cat-decorative-objects-en","8":"product_cat-gift-ideas-en","9":"product_cat-porcelain","10":"product_cat-salad-bowls","11":"product_cat-tableware-en","12":"product_cat-wedding-gifts-en","14":"first","15":"outofstock","16":"taxable","17":"shipping-taxable","18":"product-type-variable","19":"has-default-attributes","20":"wvs-archive-product-wrapper"},"group_of_quantity":0,"min_quantity":0,"max_quantity":"","exclude_order_quantity_value_rules":"no","exclude_category_quantity_rules":"no","combine_variations":"no","acf":[],"yoast_head":"<!-- This site is optimized with the Yoast SEO plugin v27.3 - https:\/\/yoast.com\/product\/yoast-seo-wordpress\/ -->\n<title>Saladier 36 cm<\/title>\n<meta name=\"description\" content=\"A utiliser aussi bien pour vos salades color\u00e9es en \u00e9t\u00e9 que pour pr\u00e9senter des l\u00e9gumes ou plats chauds. Cette coupe peut \u00e9galement accueillir une composition de fruits et sera du plus bel effet sur le comptoir de votre cuisine. Votre article peut pr\u00e9senter de petites diff\u00e9rences dans les dimensions et les finitions ce qui est la beaut\u00e9 d\u0092une fabrication main et rend votre pi\u00e8ce unique.\" \/>\n<meta name=\"robots\" content=\"index, follow, max-snippet:-1, max-image-preview:large, max-video-preview:-1\" \/>\n<link rel=\"canonical\" href=\"https:\/\/manufacturedemonaco.com\/en\/produit\/saladier-36-cm\/\" \/>\n<meta property=\"og:locale\" content=\"en_US\" \/>\n<meta property=\"og:type\" content=\"article\" \/>\n<meta property=\"og:title\" content=\"Saladier 36 cm\" \/>\n<meta property=\"og:description\" content=\"A utiliser aussi bien pour vos salades color\u00e9es en \u00e9t\u00e9 que pour pr\u00e9senter des l\u00e9gumes ou plats chauds. Cette coupe peut \u00e9galement accueillir une composition de fruits et sera du plus bel effet sur le comptoir de votre cuisine. Votre article peut pr\u00e9senter de petites diff\u00e9rences dans les dimensions et les finitions ce qui est la beaut\u00e9 d\u0092une fabrication main et rend votre pi\u00e8ce unique.\" \/>\n<meta property=\"og:url\" content=\"https:\/\/manufacturedemonaco.com\/en\/produit\/saladier-36-cm\/\" \/>\n<meta property=\"og:site_name\" content=\"Manufacture de Monaco Boutique\" \/>\n<meta property=\"article:publisher\" content=\"https:\/\/www.facebook.com\/manufacturedemonaco\/\" \/>\n<meta property=\"article:modified_time\" content=\"2023-01-20T09:28:46+00:00\" \/>\n<meta property=\"og:image\" content=\"https:\/\/manufacturedemonaco.com\/wp-content\/uploads\/2022\/10\/B26BBFO_1-1.jpg\" \/>\n\t<meta property=\"og:image:width\" content=\"1599\" \/>\n\t<meta property=\"og:image:height\" content=\"1066\" \/>\n\t<meta property=\"og:image:type\" content=\"image\/jpeg\" \/>\n<meta name=\"twitter:card\" content=\"summary_large_image\" \/>\n<meta name=\"twitter:title\" content=\"Saladier 36 cm\" \/>\n<meta name=\"twitter:description\" content=\"A utiliser aussi bien pour vos salades color\u00e9es en \u00e9t\u00e9 que pour pr\u00e9senter des l\u00e9gumes ou plats chauds. Cette coupe peut \u00e9galement accueillir une composition de fruits et sera du plus bel effet sur le comptoir de votre cuisine. Votre article peut pr\u00e9senter de petites diff\u00e9rences dans les dimensions et les finitions ce qui est la beaut\u00e9 d\u0092une fabrication main et rend votre pi\u00e8ce unique.\" \/>\n<meta name=\"twitter:label1\" content=\"Est. reading time\" \/>\n\t<meta name=\"twitter:data1\" content=\"1 minute\" \/>\n<script type=\"application\/ld+json\" class=\"yoast-schema-graph\">{\"@context\":\"https:\\\/\\\/schema.org\",\"@graph\":[{\"@type\":\"WebPage\",\"@id\":\"https:\\\/\\\/manufacturedemonaco.com\\\/en\\\/produit\\\/saladier-36-cm\\\/\",\"url\":\"https:\\\/\\\/manufacturedemonaco.com\\\/en\\\/produit\\\/saladier-36-cm\\\/\",\"name\":\"Saladier 36 cm\",\"isPartOf\":{\"@id\":\"https:\\\/\\\/manufacturedemonaco.com\\\/en\\\/#website\"},\"primaryImageOfPage\":{\"@id\":\"https:\\\/\\\/manufacturedemonaco.com\\\/en\\\/produit\\\/saladier-36-cm\\\/#primaryimage\"},\"image\":{\"@id\":\"https:\\\/\\\/manufacturedemonaco.com\\\/en\\\/produit\\\/saladier-36-cm\\\/#primaryimage\"},\"thumbnailUrl\":\"https:\\\/\\\/manufacturedemonaco.com\\\/wp-content\\\/uploads\\\/2022\\\/10\\\/B26BBFO_1-1.jpg\",\"datePublished\":\"2022-10-11T17:10:41+00:00\",\"dateModified\":\"2023-01-20T09:28:46+00:00\",\"description\":\"A utiliser aussi bien pour vos salades color\u00e9es en \u00e9t\u00e9 que pour pr\u00e9senter des l\u00e9gumes ou plats chauds. Cette coupe peut \u00e9galement accueillir une composition de fruits et sera du plus bel effet sur le comptoir de votre cuisine. Votre article peut pr\u00e9senter de petites diff\u00e9rences dans les dimensions et les finitions ce qui est la beaut\u00e9 d\u0092une fabrication main et rend votre pi\u00e8ce unique.\",\"breadcrumb\":{\"@id\":\"https:\\\/\\\/manufacturedemonaco.com\\\/en\\\/produit\\\/saladier-36-cm\\\/#breadcrumb\"},\"inLanguage\":\"en-US\",\"potentialAction\":[{\"@type\":\"ReadAction\",\"target\":[\"https:\\\/\\\/manufacturedemonaco.com\\\/en\\\/produit\\\/saladier-36-cm\\\/\"]}]},{\"@type\":\"ImageObject\",\"inLanguage\":\"en-US\",\"@id\":\"https:\\\/\\\/manufacturedemonaco.com\\\/en\\\/produit\\\/saladier-36-cm\\\/#primaryimage\",\"url\":\"https:\\\/\\\/manufacturedemonaco.com\\\/wp-content\\\/uploads\\\/2022\\\/10\\\/B26BBFO_1-1.jpg\",\"contentUrl\":\"https:\\\/\\\/manufacturedemonaco.com\\\/wp-content\\\/uploads\\\/2022\\\/10\\\/B26BBFO_1-1.jpg\",\"width\":1599,\"height\":1066,\"caption\":\"Manufacture de Monaco\"},{\"@type\":\"BreadcrumbList\",\"@id\":\"https:\\\/\\\/manufacturedemonaco.com\\\/en\\\/produit\\\/saladier-36-cm\\\/#breadcrumb\",\"itemListElement\":[{\"@type\":\"ListItem\",\"position\":1,\"name\":\"Accueil\",\"item\":\"https:\\\/\\\/manufacturedemonaco.com\\\/en\\\/\"},{\"@type\":\"ListItem\",\"position\":2,\"name\":\"Shop\",\"item\":\"https:\\\/\\\/manufacturedemonaco.com\\\/en\\\/shop\\\/\"},{\"@type\":\"ListItem\",\"position\":3,\"name\":\"Tableware\",\"item\":\"https:\\\/\\\/manufacturedemonaco.com\\\/en\\\/categorie-produit\\\/tableware-en\\\/\"},{\"@type\":\"ListItem\",\"position\":4,\"name\":\"Salad bowl 36 cm\"}]},{\"@type\":\"WebSite\",\"@id\":\"https:\\\/\\\/manufacturedemonaco.com\\\/en\\\/#website\",\"url\":\"https:\\\/\\\/manufacturedemonaco.com\\\/en\\\/\",\"name\":\"Manufacture de Monaco Boutique\",\"description\":\"art de la table et d\u00e9coration\",\"publisher\":{\"@id\":\"https:\\\/\\\/manufacturedemonaco.com\\\/en\\\/#organization\"},\"potentialAction\":[{\"@type\":\"SearchAction\",\"target\":{\"@type\":\"EntryPoint\",\"urlTemplate\":\"https:\\\/\\\/manufacturedemonaco.com\\\/en\\\/?s={search_term_string}\"},\"query-input\":{\"@type\":\"PropertyValueSpecification\",\"valueRequired\":true,\"valueName\":\"search_term_string\"}}],\"inLanguage\":\"en-US\"},{\"@type\":\"Organization\",\"@id\":\"https:\\\/\\\/manufacturedemonaco.com\\\/en\\\/#organization\",\"name\":\"Manufacture de Monaco Boutique\",\"url\":\"https:\\\/\\\/manufacturedemonaco.com\\\/en\\\/\",\"logo\":{\"@type\":\"ImageObject\",\"inLanguage\":\"en-US\",\"@id\":\"https:\\\/\\\/manufacturedemonaco.com\\\/en\\\/#\\\/schema\\\/logo\\\/image\\\/\",\"url\":\"https:\\\/\\\/manufacturedemonaco.com\\\/wp-content\\\/uploads\\\/2022\\\/10\\\/Logo_boutique_en.png\",\"contentUrl\":\"https:\\\/\\\/manufacturedemonaco.com\\\/wp-content\\\/uploads\\\/2022\\\/10\\\/Logo_boutique_en.png\",\"width\":1200,\"height\":960,\"caption\":\"Manufacture de Monaco Boutique\"},\"image\":{\"@id\":\"https:\\\/\\\/manufacturedemonaco.com\\\/en\\\/#\\\/schema\\\/logo\\\/image\\\/\"},\"sameAs\":[\"https:\\\/\\\/www.facebook.com\\\/manufacturedemonaco\\\/\",\"https:\\\/\\\/www.instagram.com\\\/manufacturedemonaco\\\/\"]}]}<\/script>\n<!-- \/ Yoast SEO plugin. -->","yoast_head_json":{"title":"Saladier 36 cm","description":"A utiliser aussi bien pour vos salades color\u00e9es en \u00e9t\u00e9 que pour pr\u00e9senter des l\u00e9gumes ou plats chauds. Cette coupe peut \u00e9galement accueillir une composition de fruits et sera du plus bel effet sur le comptoir de votre cuisine. Votre article peut pr\u00e9senter de petites diff\u00e9rences dans les dimensions et les finitions ce qui est la beaut\u00e9 d\u0092une fabrication main et rend votre pi\u00e8ce unique.","robots":{"index":"index","follow":"follow","max-snippet":"max-snippet:-1","max-image-preview":"max-image-preview:large","max-video-preview":"max-video-preview:-1"},"canonical":"https:\/\/manufacturedemonaco.com\/en\/produit\/saladier-36-cm\/","og_locale":"en_US","og_type":"article","og_title":"Saladier 36 cm","og_description":"A utiliser aussi bien pour vos salades color\u00e9es en \u00e9t\u00e9 que pour pr\u00e9senter des l\u00e9gumes ou plats chauds. Cette coupe peut \u00e9galement accueillir une composition de fruits et sera du plus bel effet sur le comptoir de votre cuisine. Votre article peut pr\u00e9senter de petites diff\u00e9rences dans les dimensions et les finitions ce qui est la beaut\u00e9 d\u0092une fabrication main et rend votre pi\u00e8ce unique.","og_url":"https:\/\/manufacturedemonaco.com\/en\/produit\/saladier-36-cm\/","og_site_name":"Manufacture de Monaco Boutique","article_publisher":"https:\/\/www.facebook.com\/manufacturedemonaco\/","article_modified_time":"2023-01-20T09:28:46+00:00","og_image":[{"width":1599,"height":1066,"url":"https:\/\/manufacturedemonaco.com\/wp-content\/uploads\/2022\/10\/B26BBFO_1-1.jpg","type":"image\/jpeg"}],"twitter_card":"summary_large_image","twitter_title":"Saladier 36 cm","twitter_description":"A utiliser aussi bien pour vos salades color\u00e9es en \u00e9t\u00e9 que pour pr\u00e9senter des l\u00e9gumes ou plats chauds. Cette coupe peut \u00e9galement accueillir une composition de fruits et sera du plus bel effet sur le comptoir de votre cuisine. Votre article peut pr\u00e9senter de petites diff\u00e9rences dans les dimensions et les finitions ce qui est la beaut\u00e9 d\u0092une fabrication main et rend votre pi\u00e8ce unique.","twitter_misc":{"Est. reading time":"1 minute"},"schema":{"@context":"https:\/\/schema.org","@graph":[{"@type":"WebPage","@id":"https:\/\/manufacturedemonaco.com\/en\/produit\/saladier-36-cm\/","url":"https:\/\/manufacturedemonaco.com\/en\/produit\/saladier-36-cm\/","name":"Saladier 36 cm","isPartOf":{"@id":"https:\/\/manufacturedemonaco.com\/en\/#website"},"primaryImageOfPage":{"@id":"https:\/\/manufacturedemonaco.com\/en\/produit\/saladier-36-cm\/#primaryimage"},"image":{"@id":"https:\/\/manufacturedemonaco.com\/en\/produit\/saladier-36-cm\/#primaryimage"},"thumbnailUrl":"https:\/\/manufacturedemonaco.com\/wp-content\/uploads\/2022\/10\/B26BBFO_1-1.jpg","datePublished":"2022-10-11T17:10:41+00:00","dateModified":"2023-01-20T09:28:46+00:00","description":"A utiliser aussi bien pour vos salades color\u00e9es en \u00e9t\u00e9 que pour pr\u00e9senter des l\u00e9gumes ou plats chauds. Cette coupe peut \u00e9galement accueillir une composition de fruits et sera du plus bel effet sur le comptoir de votre cuisine. Votre article peut pr\u00e9senter de petites diff\u00e9rences dans les dimensions et les finitions ce qui est la beaut\u00e9 d\u0092une fabrication main et rend votre pi\u00e8ce unique.","breadcrumb":{"@id":"https:\/\/manufacturedemonaco.com\/en\/produit\/saladier-36-cm\/#breadcrumb"},"inLanguage":"en-US","potentialAction":[{"@type":"ReadAction","target":["https:\/\/manufacturedemonaco.com\/en\/produit\/saladier-36-cm\/"]}]},{"@type":"ImageObject","inLanguage":"en-US","@id":"https:\/\/manufacturedemonaco.com\/en\/produit\/saladier-36-cm\/#primaryimage","url":"https:\/\/manufacturedemonaco.com\/wp-content\/uploads\/2022\/10\/B26BBFO_1-1.jpg","contentUrl":"https:\/\/manufacturedemonaco.com\/wp-content\/uploads\/2022\/10\/B26BBFO_1-1.jpg","width":1599,"height":1066,"caption":"Manufacture de Monaco"},{"@type":"BreadcrumbList","@id":"https:\/\/manufacturedemonaco.com\/en\/produit\/saladier-36-cm\/#breadcrumb","itemListElement":[{"@type":"ListItem","position":1,"name":"Accueil","item":"https:\/\/manufacturedemonaco.com\/en\/"},{"@type":"ListItem","position":2,"name":"Shop","item":"https:\/\/manufacturedemonaco.com\/en\/shop\/"},{"@type":"ListItem","position":3,"name":"Tableware","item":"https:\/\/manufacturedemonaco.com\/en\/categorie-produit\/tableware-en\/"},{"@type":"ListItem","position":4,"name":"Salad bowl 36 cm"}]},{"@type":"WebSite","@id":"https:\/\/manufacturedemonaco.com\/en\/#website","url":"https:\/\/manufacturedemonaco.com\/en\/","name":"Manufacture de Monaco Boutique","description":"art de la table et d\u00e9coration","publisher":{"@id":"https:\/\/manufacturedemonaco.com\/en\/#organization"},"potentialAction":[{"@type":"SearchAction","target":{"@type":"EntryPoint","urlTemplate":"https:\/\/manufacturedemonaco.com\/en\/?s={search_term_string}"},"query-input":{"@type":"PropertyValueSpecification","valueRequired":true,"valueName":"search_term_string"}}],"inLanguage":"en-US"},{"@type":"Organization","@id":"https:\/\/manufacturedemonaco.com\/en\/#organization","name":"Manufacture de Monaco Boutique","url":"https:\/\/manufacturedemonaco.com\/en\/","logo":{"@type":"ImageObject","inLanguage":"en-US","@id":"https:\/\/manufacturedemonaco.com\/en\/#\/schema\/logo\/image\/","url":"https:\/\/manufacturedemonaco.com\/wp-content\/uploads\/2022\/10\/Logo_boutique_en.png","contentUrl":"https:\/\/manufacturedemonaco.com\/wp-content\/uploads\/2022\/10\/Logo_boutique_en.png","width":1200,"height":960,"caption":"Manufacture de Monaco Boutique"},"image":{"@id":"https:\/\/manufacturedemonaco.com\/en\/#\/schema\/logo\/image\/"},"sameAs":["https:\/\/www.facebook.com\/manufacturedemonaco\/","https:\/\/www.instagram.com\/manufacturedemonaco\/"]}]}},"_links":{"self":[{"href":"https:\/\/manufacturedemonaco.com\/en\/wp-json\/wp\/v2\/product\/2108","targetHints":{"allow":["GET"]}}],"collection":[{"href":"https:\/\/manufacturedemonaco.com\/en\/wp-json\/wp\/v2\/product"}],"about":[{"href":"https:\/\/manufacturedemonaco.com\/en\/wp-json\/wp\/v2\/types\/product"}],"wp:featuredmedia":[{"embeddable":true,"href":"https:\/\/manufacturedemonaco.com\/en\/wp-json\/wp\/v2\/media\/3155"}],"wp:attachment":[{"href":"https:\/\/manufacturedemonaco.com\/en\/wp-json\/wp\/v2\/media?parent=2108"}],"wp:term":[{"taxonomy":"product_brand","embeddable":true,"href":"https:\/\/manufacturedemonaco.com\/en\/wp-json\/wp\/v2\/product_brand?post=2108"},{"taxonomy":"product_cat","embeddable":true,"href":"https:\/\/manufacturedemonaco.com\/en\/wp-json\/wp\/v2\/product_cat?post=2108"},{"taxonomy":"product_tag","embeddable":true,"href":"https:\/\/manufacturedemonaco.com\/en\/wp-json\/wp\/v2\/product_tag?post=2108"},{"taxonomy":"suggestions","embeddable":true,"href":"https:\/\/manufacturedemonaco.com\/en\/wp-json\/wp\/v2\/suggestions?post=2108"}],"curies":[{"name":"wp","href":"https:\/\/api.w.org\/{rel}","templated":true}]}}