{"id":2077,"date":"2022-10-11T19:11:06","date_gmt":"2022-10-11T17:11:06","guid":{"rendered":"https:\/\/manufacturedemonaco.com\/produit\/soliflore-bougeoir\/"},"modified":"2026-01-09T11:42:53","modified_gmt":"2026-01-09T10:42:53","slug":"soliflore-bougeoir","status":"publish","type":"product","link":"https:\/\/manufacturedemonaco.com\/en\/produit\/soliflore-bougeoir\/","title":{"rendered":"Soliflore &#038; Candleholder"},"content":{"rendered":"<p><span data-sheets-value=\"{&quot;1&quot;:2,&quot;2&quot;:&quot;An exclusive and timeless design for this handmade porcelain soliflore from our E line. Very elegant to highlight a beautiful flower, it also allows to insert a candle. This timelessly elegant object will dress up your table as well as your console. nYour item may have small differences in size and finish which is the beauty of handcrafting and makes your piece unique.&quot;}\" data-sheets-userformat=\"{&quot;2&quot;:14783,&quot;3&quot;:{&quot;1&quot;:0,&quot;3&quot;:1},&quot;4&quot;:{&quot;1&quot;:2,&quot;2&quot;:13824474},&quot;5&quot;:{&quot;1&quot;:[{&quot;1&quot;:2,&quot;2&quot;:0,&quot;5&quot;:{&quot;1&quot;:2,&quot;2&quot;:0}},{&quot;1&quot;:0,&quot;2&quot;:0,&quot;3&quot;:3},{&quot;1&quot;:1,&quot;2&quot;:0,&quot;4&quot;:1}]},&quot;6&quot;:{&quot;1&quot;:[{&quot;1&quot;:2,&quot;2&quot;:0,&quot;5&quot;:{&quot;1&quot;:2,&quot;2&quot;:0}},{&quot;1&quot;:0,&quot;2&quot;:0,&quot;3&quot;:3},{&quot;1&quot;:1,&quot;2&quot;:0,&quot;4&quot;:1}]},&quot;7&quot;:{&quot;1&quot;:[{&quot;1&quot;:2,&quot;2&quot;:0,&quot;5&quot;:{&quot;1&quot;:2,&quot;2&quot;:0}},{&quot;1&quot;:0,&quot;2&quot;:0,&quot;3&quot;:3},{&quot;1&quot;:1,&quot;2&quot;:0,&quot;4&quot;:1}]},&quot;8&quot;:{&quot;1&quot;:[{&quot;1&quot;:2,&quot;2&quot;:0,&quot;5&quot;:{&quot;1&quot;:2,&quot;2&quot;:0}},{&quot;1&quot;:0,&quot;2&quot;:0,&quot;3&quot;:3},{&quot;1&quot;:1,&quot;2&quot;:0,&quot;4&quot;:1}]},&quot;10&quot;:1,&quot;11&quot;:4,&quot;14&quot;:{&quot;1&quot;:3,&quot;3&quot;:1},&quot;15&quot;:&quot;Arial&quot;,&quot;16&quot;:12}\">An exclusive and timeless design for this handmade porcelain soliflore from our E line. Very elegant to highlight a beautiful flower, it also allows to insert a candle. This timelessly elegant object will dress up your table as well as your console.<br \/>\nYour item may have small differences in size and finish which is the beauty of handcrafting and makes your piece unique.<\/span><\/p>\n","protected":false},"excerpt":{"rendered":"<p>Porcelain Soliflore and Candleholder<br \/>\nHeight 19 cm<\/p>\n","protected":false},"featured_media":2867,"template":"","meta":{"_acf_changed":false,"_monsterinsights_skip_tracking":false,"_monsterinsights_sitenote_active":false,"_monsterinsights_sitenote_note":"","_monsterinsights_sitenote_category":0},"product_brand":[],"product_cat":[115,116,113,143,112],"product_tag":[],"suggestions":[],"class_list":{"0":"post-2077","1":"product","2":"type-product","3":"status-publish","4":"has-post-thumbnail","6":"product_cat-decorative-objects-en","7":"product_cat-for-her-en","8":"product_cat-gift-ideas-en","9":"product_cat-vases-and-soliflores","10":"product_cat-wedding-gifts-en","12":"first","13":"outofstock","14":"taxable","15":"shipping-taxable","16":"purchasable","17":"product-type-variable","18":"has-default-attributes","19":"wvs-archive-product-wrapper"},"group_of_quantity":0,"min_quantity":0,"max_quantity":"","exclude_order_quantity_value_rules":"no","exclude_category_quantity_rules":"no","combine_variations":"no","acf":[],"yoast_head":"<!-- This site is optimized with the Yoast SEO plugin v27.3 - https:\/\/yoast.com\/product\/yoast-seo-wordpress\/ -->\n<title>Soliflore &amp; Bougeoir<\/title>\n<meta name=\"description\" content=\"Un design exclusif et intemporel pour ce soliflore en porcelaine de la ligne E, r\u00e9alis\u00e9 \u00e0 la main. Tr\u00e8s \u00e9l\u00e9gant pour mettre en \u00e9vidence une belle fleur, il permet \u00e9galement d&#039;ins\u00e9rer une bougie. Cet objet \u00e0 l&#039;\u00e9l\u00e9gance intemporelle habillera aussi bien votre table, que votre console. Votre article peut pr\u00e9senter de petites diff\u00e9rences dans les dimensions et les finitions ce qui est la beaut\u00e9 d\u0092une fabrication main et rend votre pi\u00e8ce unique.\" \/>\n<meta name=\"robots\" content=\"index, follow, max-snippet:-1, max-image-preview:large, max-video-preview:-1\" \/>\n<link rel=\"canonical\" href=\"https:\/\/manufacturedemonaco.com\/en\/produit\/soliflore-bougeoir\/\" \/>\n<meta property=\"og:locale\" content=\"en_US\" \/>\n<meta property=\"og:type\" content=\"article\" \/>\n<meta property=\"og:title\" content=\"Soliflore &amp; Bougeoir\" \/>\n<meta property=\"og:description\" content=\"Un design exclusif et intemporel pour ce soliflore en porcelaine de la ligne E, r\u00e9alis\u00e9 \u00e0 la main. Tr\u00e8s \u00e9l\u00e9gant pour mettre en \u00e9vidence une belle fleur, il permet \u00e9galement d&#039;ins\u00e9rer une bougie. Cet objet \u00e0 l&#039;\u00e9l\u00e9gance intemporelle habillera aussi bien votre table, que votre console. Votre article peut pr\u00e9senter de petites diff\u00e9rences dans les dimensions et les finitions ce qui est la beaut\u00e9 d\u0092une fabrication main et rend votre pi\u00e8ce unique.\" \/>\n<meta property=\"og:url\" content=\"https:\/\/manufacturedemonaco.com\/en\/produit\/soliflore-bougeoir\/\" \/>\n<meta property=\"og:site_name\" content=\"Manufacture de Monaco Boutique\" \/>\n<meta property=\"article:publisher\" content=\"https:\/\/www.facebook.com\/manufacturedemonaco\/\" \/>\n<meta property=\"article:modified_time\" content=\"2026-01-09T10:42:53+00:00\" \/>\n<meta property=\"og:image\" content=\"https:\/\/manufacturedemonaco.com\/wp-content\/uploads\/2022\/10\/SOLIFLORE-blanc-or.jpg\" \/>\n\t<meta property=\"og:image:width\" content=\"1599\" \/>\n\t<meta property=\"og:image:height\" content=\"1066\" \/>\n\t<meta property=\"og:image:type\" content=\"image\/jpeg\" \/>\n<meta name=\"twitter:card\" content=\"summary_large_image\" \/>\n<meta name=\"twitter:title\" content=\"Soliflore &amp; Bougeoir\" \/>\n<meta name=\"twitter:description\" content=\"Un design exclusif et intemporel pour ce soliflore en porcelaine de la ligne E, r\u00e9alis\u00e9 \u00e0 la main. Tr\u00e8s \u00e9l\u00e9gant pour mettre en \u00e9vidence une belle fleur, il permet \u00e9galement d&#039;ins\u00e9rer une bougie. Cet objet \u00e0 l&#039;\u00e9l\u00e9gance intemporelle habillera aussi bien votre table, que votre console. Votre article peut pr\u00e9senter de petites diff\u00e9rences dans les dimensions et les finitions ce qui est la beaut\u00e9 d\u0092une fabrication main et rend votre pi\u00e8ce unique.\" \/>\n<meta name=\"twitter:label1\" content=\"Est. reading time\" \/>\n\t<meta name=\"twitter:data1\" content=\"1 minute\" \/>\n<script type=\"application\/ld+json\" class=\"yoast-schema-graph\">{\"@context\":\"https:\\\/\\\/schema.org\",\"@graph\":[{\"@type\":\"WebPage\",\"@id\":\"https:\\\/\\\/manufacturedemonaco.com\\\/en\\\/produit\\\/soliflore-bougeoir\\\/\",\"url\":\"https:\\\/\\\/manufacturedemonaco.com\\\/en\\\/produit\\\/soliflore-bougeoir\\\/\",\"name\":\"Soliflore & Bougeoir\",\"isPartOf\":{\"@id\":\"https:\\\/\\\/manufacturedemonaco.com\\\/en\\\/#website\"},\"primaryImageOfPage\":{\"@id\":\"https:\\\/\\\/manufacturedemonaco.com\\\/en\\\/produit\\\/soliflore-bougeoir\\\/#primaryimage\"},\"image\":{\"@id\":\"https:\\\/\\\/manufacturedemonaco.com\\\/en\\\/produit\\\/soliflore-bougeoir\\\/#primaryimage\"},\"thumbnailUrl\":\"https:\\\/\\\/manufacturedemonaco.com\\\/wp-content\\\/uploads\\\/2022\\\/10\\\/SOLIFLORE-blanc-or.jpg\",\"datePublished\":\"2022-10-11T17:11:06+00:00\",\"dateModified\":\"2026-01-09T10:42:53+00:00\",\"description\":\"Un design exclusif et intemporel pour ce soliflore en porcelaine de la ligne E, r\u00e9alis\u00e9 \u00e0 la main. Tr\u00e8s \u00e9l\u00e9gant pour mettre en \u00e9vidence une belle fleur, il permet \u00e9galement d'ins\u00e9rer une bougie. Cet objet \u00e0 l'\u00e9l\u00e9gance intemporelle habillera aussi bien votre table, que votre console. Votre article peut pr\u00e9senter de petites diff\u00e9rences dans les dimensions et les finitions ce qui est la beaut\u00e9 d\u0092une fabrication main et rend votre pi\u00e8ce unique.\",\"breadcrumb\":{\"@id\":\"https:\\\/\\\/manufacturedemonaco.com\\\/en\\\/produit\\\/soliflore-bougeoir\\\/#breadcrumb\"},\"inLanguage\":\"en-US\",\"potentialAction\":[{\"@type\":\"ReadAction\",\"target\":[\"https:\\\/\\\/manufacturedemonaco.com\\\/en\\\/produit\\\/soliflore-bougeoir\\\/\"]}]},{\"@type\":\"ImageObject\",\"inLanguage\":\"en-US\",\"@id\":\"https:\\\/\\\/manufacturedemonaco.com\\\/en\\\/produit\\\/soliflore-bougeoir\\\/#primaryimage\",\"url\":\"https:\\\/\\\/manufacturedemonaco.com\\\/wp-content\\\/uploads\\\/2022\\\/10\\\/SOLIFLORE-blanc-or.jpg\",\"contentUrl\":\"https:\\\/\\\/manufacturedemonaco.com\\\/wp-content\\\/uploads\\\/2022\\\/10\\\/SOLIFLORE-blanc-or.jpg\",\"width\":1599,\"height\":1066,\"caption\":\"Manufacture de Monaco\"},{\"@type\":\"BreadcrumbList\",\"@id\":\"https:\\\/\\\/manufacturedemonaco.com\\\/en\\\/produit\\\/soliflore-bougeoir\\\/#breadcrumb\",\"itemListElement\":[{\"@type\":\"ListItem\",\"position\":1,\"name\":\"Accueil\",\"item\":\"https:\\\/\\\/manufacturedemonaco.com\\\/en\\\/\"},{\"@type\":\"ListItem\",\"position\":2,\"name\":\"Shop\",\"item\":\"https:\\\/\\\/manufacturedemonaco.com\\\/en\\\/shop\\\/\"},{\"@type\":\"ListItem\",\"position\":3,\"name\":\"Exclusive Digital Sale\",\"item\":\"https:\\\/\\\/manufacturedemonaco.com\\\/en\\\/categorie-produit\\\/exclusive-sale\\\/\"},{\"@type\":\"ListItem\",\"position\":4,\"name\":\"Soliflore &#038; Candleholder\"}]},{\"@type\":\"WebSite\",\"@id\":\"https:\\\/\\\/manufacturedemonaco.com\\\/en\\\/#website\",\"url\":\"https:\\\/\\\/manufacturedemonaco.com\\\/en\\\/\",\"name\":\"Manufacture de Monaco Boutique\",\"description\":\"art de la table et d\u00e9coration\",\"publisher\":{\"@id\":\"https:\\\/\\\/manufacturedemonaco.com\\\/en\\\/#organization\"},\"potentialAction\":[{\"@type\":\"SearchAction\",\"target\":{\"@type\":\"EntryPoint\",\"urlTemplate\":\"https:\\\/\\\/manufacturedemonaco.com\\\/en\\\/?s={search_term_string}\"},\"query-input\":{\"@type\":\"PropertyValueSpecification\",\"valueRequired\":true,\"valueName\":\"search_term_string\"}}],\"inLanguage\":\"en-US\"},{\"@type\":\"Organization\",\"@id\":\"https:\\\/\\\/manufacturedemonaco.com\\\/en\\\/#organization\",\"name\":\"Manufacture de Monaco Boutique\",\"url\":\"https:\\\/\\\/manufacturedemonaco.com\\\/en\\\/\",\"logo\":{\"@type\":\"ImageObject\",\"inLanguage\":\"en-US\",\"@id\":\"https:\\\/\\\/manufacturedemonaco.com\\\/en\\\/#\\\/schema\\\/logo\\\/image\\\/\",\"url\":\"https:\\\/\\\/manufacturedemonaco.com\\\/wp-content\\\/uploads\\\/2022\\\/10\\\/Logo_boutique_en.png\",\"contentUrl\":\"https:\\\/\\\/manufacturedemonaco.com\\\/wp-content\\\/uploads\\\/2022\\\/10\\\/Logo_boutique_en.png\",\"width\":1200,\"height\":960,\"caption\":\"Manufacture de Monaco Boutique\"},\"image\":{\"@id\":\"https:\\\/\\\/manufacturedemonaco.com\\\/en\\\/#\\\/schema\\\/logo\\\/image\\\/\"},\"sameAs\":[\"https:\\\/\\\/www.facebook.com\\\/manufacturedemonaco\\\/\",\"https:\\\/\\\/www.instagram.com\\\/manufacturedemonaco\\\/\"]}]}<\/script>\n<!-- \/ Yoast SEO plugin. -->","yoast_head_json":{"title":"Soliflore & Bougeoir","description":"Un design exclusif et intemporel pour ce soliflore en porcelaine de la ligne E, r\u00e9alis\u00e9 \u00e0 la main. Tr\u00e8s \u00e9l\u00e9gant pour mettre en \u00e9vidence une belle fleur, il permet \u00e9galement d'ins\u00e9rer une bougie. Cet objet \u00e0 l'\u00e9l\u00e9gance intemporelle habillera aussi bien votre table, que votre console. Votre article peut pr\u00e9senter de petites diff\u00e9rences dans les dimensions et les finitions ce qui est la beaut\u00e9 d\u0092une fabrication main et rend votre pi\u00e8ce unique.","robots":{"index":"index","follow":"follow","max-snippet":"max-snippet:-1","max-image-preview":"max-image-preview:large","max-video-preview":"max-video-preview:-1"},"canonical":"https:\/\/manufacturedemonaco.com\/en\/produit\/soliflore-bougeoir\/","og_locale":"en_US","og_type":"article","og_title":"Soliflore & Bougeoir","og_description":"Un design exclusif et intemporel pour ce soliflore en porcelaine de la ligne E, r\u00e9alis\u00e9 \u00e0 la main. Tr\u00e8s \u00e9l\u00e9gant pour mettre en \u00e9vidence une belle fleur, il permet \u00e9galement d'ins\u00e9rer une bougie. Cet objet \u00e0 l'\u00e9l\u00e9gance intemporelle habillera aussi bien votre table, que votre console. Votre article peut pr\u00e9senter de petites diff\u00e9rences dans les dimensions et les finitions ce qui est la beaut\u00e9 d\u0092une fabrication main et rend votre pi\u00e8ce unique.","og_url":"https:\/\/manufacturedemonaco.com\/en\/produit\/soliflore-bougeoir\/","og_site_name":"Manufacture de Monaco Boutique","article_publisher":"https:\/\/www.facebook.com\/manufacturedemonaco\/","article_modified_time":"2026-01-09T10:42:53+00:00","og_image":[{"width":1599,"height":1066,"url":"https:\/\/manufacturedemonaco.com\/wp-content\/uploads\/2022\/10\/SOLIFLORE-blanc-or.jpg","type":"image\/jpeg"}],"twitter_card":"summary_large_image","twitter_title":"Soliflore & Bougeoir","twitter_description":"Un design exclusif et intemporel pour ce soliflore en porcelaine de la ligne E, r\u00e9alis\u00e9 \u00e0 la main. Tr\u00e8s \u00e9l\u00e9gant pour mettre en \u00e9vidence une belle fleur, il permet \u00e9galement d'ins\u00e9rer une bougie. Cet objet \u00e0 l'\u00e9l\u00e9gance intemporelle habillera aussi bien votre table, que votre console. Votre article peut pr\u00e9senter de petites diff\u00e9rences dans les dimensions et les finitions ce qui est la beaut\u00e9 d\u0092une fabrication main et rend votre pi\u00e8ce unique.","twitter_misc":{"Est. reading time":"1 minute"},"schema":{"@context":"https:\/\/schema.org","@graph":[{"@type":"WebPage","@id":"https:\/\/manufacturedemonaco.com\/en\/produit\/soliflore-bougeoir\/","url":"https:\/\/manufacturedemonaco.com\/en\/produit\/soliflore-bougeoir\/","name":"Soliflore & Bougeoir","isPartOf":{"@id":"https:\/\/manufacturedemonaco.com\/en\/#website"},"primaryImageOfPage":{"@id":"https:\/\/manufacturedemonaco.com\/en\/produit\/soliflore-bougeoir\/#primaryimage"},"image":{"@id":"https:\/\/manufacturedemonaco.com\/en\/produit\/soliflore-bougeoir\/#primaryimage"},"thumbnailUrl":"https:\/\/manufacturedemonaco.com\/wp-content\/uploads\/2022\/10\/SOLIFLORE-blanc-or.jpg","datePublished":"2022-10-11T17:11:06+00:00","dateModified":"2026-01-09T10:42:53+00:00","description":"Un design exclusif et intemporel pour ce soliflore en porcelaine de la ligne E, r\u00e9alis\u00e9 \u00e0 la main. Tr\u00e8s \u00e9l\u00e9gant pour mettre en \u00e9vidence une belle fleur, il permet \u00e9galement d'ins\u00e9rer une bougie. Cet objet \u00e0 l'\u00e9l\u00e9gance intemporelle habillera aussi bien votre table, que votre console. Votre article peut pr\u00e9senter de petites diff\u00e9rences dans les dimensions et les finitions ce qui est la beaut\u00e9 d\u0092une fabrication main et rend votre pi\u00e8ce unique.","breadcrumb":{"@id":"https:\/\/manufacturedemonaco.com\/en\/produit\/soliflore-bougeoir\/#breadcrumb"},"inLanguage":"en-US","potentialAction":[{"@type":"ReadAction","target":["https:\/\/manufacturedemonaco.com\/en\/produit\/soliflore-bougeoir\/"]}]},{"@type":"ImageObject","inLanguage":"en-US","@id":"https:\/\/manufacturedemonaco.com\/en\/produit\/soliflore-bougeoir\/#primaryimage","url":"https:\/\/manufacturedemonaco.com\/wp-content\/uploads\/2022\/10\/SOLIFLORE-blanc-or.jpg","contentUrl":"https:\/\/manufacturedemonaco.com\/wp-content\/uploads\/2022\/10\/SOLIFLORE-blanc-or.jpg","width":1599,"height":1066,"caption":"Manufacture de Monaco"},{"@type":"BreadcrumbList","@id":"https:\/\/manufacturedemonaco.com\/en\/produit\/soliflore-bougeoir\/#breadcrumb","itemListElement":[{"@type":"ListItem","position":1,"name":"Accueil","item":"https:\/\/manufacturedemonaco.com\/en\/"},{"@type":"ListItem","position":2,"name":"Shop","item":"https:\/\/manufacturedemonaco.com\/en\/shop\/"},{"@type":"ListItem","position":3,"name":"Exclusive Digital Sale","item":"https:\/\/manufacturedemonaco.com\/en\/categorie-produit\/exclusive-sale\/"},{"@type":"ListItem","position":4,"name":"Soliflore &#038; Candleholder"}]},{"@type":"WebSite","@id":"https:\/\/manufacturedemonaco.com\/en\/#website","url":"https:\/\/manufacturedemonaco.com\/en\/","name":"Manufacture de Monaco Boutique","description":"art de la table et d\u00e9coration","publisher":{"@id":"https:\/\/manufacturedemonaco.com\/en\/#organization"},"potentialAction":[{"@type":"SearchAction","target":{"@type":"EntryPoint","urlTemplate":"https:\/\/manufacturedemonaco.com\/en\/?s={search_term_string}"},"query-input":{"@type":"PropertyValueSpecification","valueRequired":true,"valueName":"search_term_string"}}],"inLanguage":"en-US"},{"@type":"Organization","@id":"https:\/\/manufacturedemonaco.com\/en\/#organization","name":"Manufacture de Monaco Boutique","url":"https:\/\/manufacturedemonaco.com\/en\/","logo":{"@type":"ImageObject","inLanguage":"en-US","@id":"https:\/\/manufacturedemonaco.com\/en\/#\/schema\/logo\/image\/","url":"https:\/\/manufacturedemonaco.com\/wp-content\/uploads\/2022\/10\/Logo_boutique_en.png","contentUrl":"https:\/\/manufacturedemonaco.com\/wp-content\/uploads\/2022\/10\/Logo_boutique_en.png","width":1200,"height":960,"caption":"Manufacture de Monaco Boutique"},"image":{"@id":"https:\/\/manufacturedemonaco.com\/en\/#\/schema\/logo\/image\/"},"sameAs":["https:\/\/www.facebook.com\/manufacturedemonaco\/","https:\/\/www.instagram.com\/manufacturedemonaco\/"]}]}},"_links":{"self":[{"href":"https:\/\/manufacturedemonaco.com\/en\/wp-json\/wp\/v2\/product\/2077","targetHints":{"allow":["GET"]}}],"collection":[{"href":"https:\/\/manufacturedemonaco.com\/en\/wp-json\/wp\/v2\/product"}],"about":[{"href":"https:\/\/manufacturedemonaco.com\/en\/wp-json\/wp\/v2\/types\/product"}],"wp:featuredmedia":[{"embeddable":true,"href":"https:\/\/manufacturedemonaco.com\/en\/wp-json\/wp\/v2\/media\/2867"}],"wp:attachment":[{"href":"https:\/\/manufacturedemonaco.com\/en\/wp-json\/wp\/v2\/media?parent=2077"}],"wp:term":[{"taxonomy":"product_brand","embeddable":true,"href":"https:\/\/manufacturedemonaco.com\/en\/wp-json\/wp\/v2\/product_brand?post=2077"},{"taxonomy":"product_cat","embeddable":true,"href":"https:\/\/manufacturedemonaco.com\/en\/wp-json\/wp\/v2\/product_cat?post=2077"},{"taxonomy":"product_tag","embeddable":true,"href":"https:\/\/manufacturedemonaco.com\/en\/wp-json\/wp\/v2\/product_tag?post=2077"},{"taxonomy":"suggestions","embeddable":true,"href":"https:\/\/manufacturedemonaco.com\/en\/wp-json\/wp\/v2\/suggestions?post=2077"}],"curies":[{"name":"wp","href":"https:\/\/api.w.org\/{rel}","templated":true}]}}