{"id":2004,"date":"2022-10-19T16:46:06","date_gmt":"2022-10-19T14:46:06","guid":{"rendered":"https:\/\/manufacturedemonaco.com\/produit\/coupelle-20-cm-copie\/"},"modified":"2023-01-20T10:28:05","modified_gmt":"2023-01-20T09:28:05","slug":"coupelle-20-cm-copie","status":"publish","type":"product","link":"https:\/\/manufacturedemonaco.com\/en\/produit\/coupelle-20-cm-copie\/","title":{"rendered":"Bowl 20 cm"},"content":{"rendered":"<p><span data-sheets-value=\"{&quot;1&quot;:2,&quot;2&quot;:&quot;An exclusive and timeless design for this handmade porcelain bowl from our E line.nOn your coffee table to present chocolates, a console to serve as a pocket, or your bedside to place your jewelry, this porcelain bowl is the ideal gift that finds its place in any interior.nYour item may have small differences in size and finish which is the beauty of handcrafting and makes your piece unique.&quot;}\" data-sheets-userformat=\"{&quot;2&quot;:14783,&quot;3&quot;:{&quot;1&quot;:0,&quot;3&quot;:1},&quot;4&quot;:{&quot;1&quot;:2,&quot;2&quot;:13824474},&quot;5&quot;:{&quot;1&quot;:[{&quot;1&quot;:2,&quot;2&quot;:0,&quot;5&quot;:{&quot;1&quot;:2,&quot;2&quot;:0}},{&quot;1&quot;:0,&quot;2&quot;:0,&quot;3&quot;:3},{&quot;1&quot;:1,&quot;2&quot;:0,&quot;4&quot;:1}]},&quot;6&quot;:{&quot;1&quot;:[{&quot;1&quot;:2,&quot;2&quot;:0,&quot;5&quot;:{&quot;1&quot;:2,&quot;2&quot;:0}},{&quot;1&quot;:0,&quot;2&quot;:0,&quot;3&quot;:3},{&quot;1&quot;:1,&quot;2&quot;:0,&quot;4&quot;:1}]},&quot;7&quot;:{&quot;1&quot;:[{&quot;1&quot;:2,&quot;2&quot;:0,&quot;5&quot;:{&quot;1&quot;:2,&quot;2&quot;:0}},{&quot;1&quot;:0,&quot;2&quot;:0,&quot;3&quot;:3},{&quot;1&quot;:1,&quot;2&quot;:0,&quot;4&quot;:1}]},&quot;8&quot;:{&quot;1&quot;:[{&quot;1&quot;:2,&quot;2&quot;:0,&quot;5&quot;:{&quot;1&quot;:2,&quot;2&quot;:0}},{&quot;1&quot;:0,&quot;2&quot;:0,&quot;3&quot;:3},{&quot;1&quot;:1,&quot;2&quot;:0,&quot;4&quot;:1}]},&quot;10&quot;:1,&quot;11&quot;:4,&quot;14&quot;:{&quot;1&quot;:3,&quot;3&quot;:1},&quot;15&quot;:&quot;Arial&quot;,&quot;16&quot;:12}\">An exclusive and timeless design for this handmade porcelain bowl from our E line.<br \/>\nOn your coffee table to present chocolates, a console to serve as a pocket, or your bedside to place your jewelry, this porcelain bowl is the ideal gift that finds its place in any interior.<br \/>\nYour item may have small differences in size and finish which is the beauty of handcrafting and makes your piece unique.<\/span><\/p>\n","protected":false},"excerpt":{"rendered":"<p>Porcelain bowl<br \/>\nDiameter 20 cm, height 4 cm<\/p>\n","protected":false},"featured_media":3103,"template":"","meta":{"_acf_changed":false,"_monsterinsights_skip_tracking":false,"_monsterinsights_sitenote_active":false,"_monsterinsights_sitenote_note":"","_monsterinsights_sitenote_category":0},"product_brand":[],"product_cat":[127,115,117,113],"product_tag":[],"suggestions":[],"class_list":{"0":"post-2004","1":"product","2":"type-product","3":"status-publish","4":"has-post-thumbnail","6":"product_cat-cups-and-bowls-en","7":"product_cat-decorative-objects-en","8":"product_cat-for-him-en","9":"product_cat-gift-ideas-en","11":"first","12":"outofstock","13":"taxable","14":"shipping-taxable","15":"product-type-variable","16":"has-default-attributes","17":"wvs-archive-product-wrapper"},"group_of_quantity":0,"min_quantity":0,"max_quantity":"","exclude_order_quantity_value_rules":"no","exclude_category_quantity_rules":"no","combine_variations":"no","acf":[],"yoast_head":"<!-- This site is optimized with the Yoast SEO plugin v27.4 - https:\/\/yoast.com\/product\/yoast-seo-wordpress\/ -->\n<title>Coupelle 20 cm<\/title>\n<meta name=\"description\" content=\"Un design exclusif et intemporel pour cette coupelle en porcelaine de la ligne E, r\u00e9alis\u00e9e \u00e0 la main. Sur votre table basse pour pr\u00e9senter des chocolats, une console pour servir de vide poches, ou votre chevet pour d\u00e9poser vos bijoux, cette coupelle en porcelaine est le cadeau id\u00e9al qui trouve sa place dans tous les int\u00e9rieurs. Votre article peut pr\u00e9senter de petites diff\u00e9rences dans les dimensions et les finitions ce qui est la beaut\u00e9 d\u0092une fabrication main et rend votre pi\u00e8ce unique.\" \/>\n<meta name=\"robots\" content=\"index, follow, max-snippet:-1, max-image-preview:large, max-video-preview:-1\" \/>\n<link rel=\"canonical\" href=\"https:\/\/manufacturedemonaco.com\/en\/produit\/coupelle-20-cm-copie\/\" \/>\n<meta property=\"og:locale\" content=\"en_US\" \/>\n<meta property=\"og:type\" content=\"article\" \/>\n<meta property=\"og:title\" content=\"Coupelle 20 cm\" \/>\n<meta property=\"og:description\" content=\"Un design exclusif et intemporel pour cette coupelle en porcelaine de la ligne E, r\u00e9alis\u00e9e \u00e0 la main. Sur votre table basse pour pr\u00e9senter des chocolats, une console pour servir de vide poches, ou votre chevet pour d\u00e9poser vos bijoux, cette coupelle en porcelaine est le cadeau id\u00e9al qui trouve sa place dans tous les int\u00e9rieurs. Votre article peut pr\u00e9senter de petites diff\u00e9rences dans les dimensions et les finitions ce qui est la beaut\u00e9 d\u0092une fabrication main et rend votre pi\u00e8ce unique.\" \/>\n<meta property=\"og:url\" content=\"https:\/\/manufacturedemonaco.com\/en\/produit\/coupelle-20-cm-copie\/\" \/>\n<meta property=\"og:site_name\" content=\"Manufacture de Monaco Boutique\" \/>\n<meta property=\"article:publisher\" content=\"https:\/\/www.facebook.com\/manufacturedemonaco\/\" \/>\n<meta property=\"article:modified_time\" content=\"2023-01-20T09:28:05+00:00\" \/>\n<meta property=\"og:image\" content=\"https:\/\/manufacturedemonaco.com\/wp-content\/uploads\/2022\/10\/EC20KP-3.jpg\" \/>\n\t<meta property=\"og:image:width\" content=\"1599\" \/>\n\t<meta property=\"og:image:height\" content=\"1066\" \/>\n\t<meta property=\"og:image:type\" content=\"image\/jpeg\" \/>\n<meta name=\"twitter:card\" content=\"summary_large_image\" \/>\n<meta name=\"twitter:title\" content=\"Coupelle 20 cm\" \/>\n<meta name=\"twitter:description\" content=\"Un design exclusif et intemporel pour cette coupelle en porcelaine de la ligne E, r\u00e9alis\u00e9e \u00e0 la main. Sur votre table basse pour pr\u00e9senter des chocolats, une console pour servir de vide poches, ou votre chevet pour d\u00e9poser vos bijoux, cette coupelle en porcelaine est le cadeau id\u00e9al qui trouve sa place dans tous les int\u00e9rieurs. Votre article peut pr\u00e9senter de petites diff\u00e9rences dans les dimensions et les finitions ce qui est la beaut\u00e9 d\u0092une fabrication main et rend votre pi\u00e8ce unique.\" \/>\n<meta name=\"twitter:label1\" content=\"Est. reading time\" \/>\n\t<meta name=\"twitter:data1\" content=\"1 minute\" \/>\n<script type=\"application\/ld+json\" class=\"yoast-schema-graph\">{\"@context\":\"https:\\\/\\\/schema.org\",\"@graph\":[{\"@type\":\"WebPage\",\"@id\":\"https:\\\/\\\/manufacturedemonaco.com\\\/en\\\/produit\\\/coupelle-20-cm-copie\\\/\",\"url\":\"https:\\\/\\\/manufacturedemonaco.com\\\/en\\\/produit\\\/coupelle-20-cm-copie\\\/\",\"name\":\"Coupelle 20 cm\",\"isPartOf\":{\"@id\":\"https:\\\/\\\/manufacturedemonaco.com\\\/en\\\/#website\"},\"primaryImageOfPage\":{\"@id\":\"https:\\\/\\\/manufacturedemonaco.com\\\/en\\\/produit\\\/coupelle-20-cm-copie\\\/#primaryimage\"},\"image\":{\"@id\":\"https:\\\/\\\/manufacturedemonaco.com\\\/en\\\/produit\\\/coupelle-20-cm-copie\\\/#primaryimage\"},\"thumbnailUrl\":\"https:\\\/\\\/manufacturedemonaco.com\\\/wp-content\\\/uploads\\\/2022\\\/10\\\/EC20KP-3.jpg\",\"datePublished\":\"2022-10-19T14:46:06+00:00\",\"dateModified\":\"2023-01-20T09:28:05+00:00\",\"description\":\"Un design exclusif et intemporel pour cette coupelle en porcelaine de la ligne E, r\u00e9alis\u00e9e \u00e0 la main. Sur votre table basse pour pr\u00e9senter des chocolats, une console pour servir de vide poches, ou votre chevet pour d\u00e9poser vos bijoux, cette coupelle en porcelaine est le cadeau id\u00e9al qui trouve sa place dans tous les int\u00e9rieurs. Votre article peut pr\u00e9senter de petites diff\u00e9rences dans les dimensions et les finitions ce qui est la beaut\u00e9 d\u0092une fabrication main et rend votre pi\u00e8ce unique.\",\"breadcrumb\":{\"@id\":\"https:\\\/\\\/manufacturedemonaco.com\\\/en\\\/produit\\\/coupelle-20-cm-copie\\\/#breadcrumb\"},\"inLanguage\":\"en-US\",\"potentialAction\":[{\"@type\":\"ReadAction\",\"target\":[\"https:\\\/\\\/manufacturedemonaco.com\\\/en\\\/produit\\\/coupelle-20-cm-copie\\\/\"]}]},{\"@type\":\"ImageObject\",\"inLanguage\":\"en-US\",\"@id\":\"https:\\\/\\\/manufacturedemonaco.com\\\/en\\\/produit\\\/coupelle-20-cm-copie\\\/#primaryimage\",\"url\":\"https:\\\/\\\/manufacturedemonaco.com\\\/wp-content\\\/uploads\\\/2022\\\/10\\\/EC20KP-3.jpg\",\"contentUrl\":\"https:\\\/\\\/manufacturedemonaco.com\\\/wp-content\\\/uploads\\\/2022\\\/10\\\/EC20KP-3.jpg\",\"width\":1599,\"height\":1066,\"caption\":\"Manufacture de Monaco\"},{\"@type\":\"BreadcrumbList\",\"@id\":\"https:\\\/\\\/manufacturedemonaco.com\\\/en\\\/produit\\\/coupelle-20-cm-copie\\\/#breadcrumb\",\"itemListElement\":[{\"@type\":\"ListItem\",\"position\":1,\"name\":\"Accueil\",\"item\":\"https:\\\/\\\/manufacturedemonaco.com\\\/en\\\/\"},{\"@type\":\"ListItem\",\"position\":2,\"name\":\"Shop\",\"item\":\"https:\\\/\\\/manufacturedemonaco.com\\\/en\\\/shop\\\/\"},{\"@type\":\"ListItem\",\"position\":3,\"name\":\"Gift ideas\",\"item\":\"https:\\\/\\\/manufacturedemonaco.com\\\/en\\\/categorie-produit\\\/gift-ideas-en\\\/\"},{\"@type\":\"ListItem\",\"position\":4,\"name\":\"Bowl 20 cm\"}]},{\"@type\":\"WebSite\",\"@id\":\"https:\\\/\\\/manufacturedemonaco.com\\\/en\\\/#website\",\"url\":\"https:\\\/\\\/manufacturedemonaco.com\\\/en\\\/\",\"name\":\"Manufacture de Monaco Boutique\",\"description\":\"art de la table et d\u00e9coration\",\"publisher\":{\"@id\":\"https:\\\/\\\/manufacturedemonaco.com\\\/en\\\/#organization\"},\"potentialAction\":[{\"@type\":\"SearchAction\",\"target\":{\"@type\":\"EntryPoint\",\"urlTemplate\":\"https:\\\/\\\/manufacturedemonaco.com\\\/en\\\/?s={search_term_string}\"},\"query-input\":{\"@type\":\"PropertyValueSpecification\",\"valueRequired\":true,\"valueName\":\"search_term_string\"}}],\"inLanguage\":\"en-US\"},{\"@type\":\"Organization\",\"@id\":\"https:\\\/\\\/manufacturedemonaco.com\\\/en\\\/#organization\",\"name\":\"Manufacture de Monaco Boutique\",\"url\":\"https:\\\/\\\/manufacturedemonaco.com\\\/en\\\/\",\"logo\":{\"@type\":\"ImageObject\",\"inLanguage\":\"en-US\",\"@id\":\"https:\\\/\\\/manufacturedemonaco.com\\\/en\\\/#\\\/schema\\\/logo\\\/image\\\/\",\"url\":\"https:\\\/\\\/manufacturedemonaco.com\\\/wp-content\\\/uploads\\\/2022\\\/10\\\/Logo_boutique_en.png\",\"contentUrl\":\"https:\\\/\\\/manufacturedemonaco.com\\\/wp-content\\\/uploads\\\/2022\\\/10\\\/Logo_boutique_en.png\",\"width\":1200,\"height\":960,\"caption\":\"Manufacture de Monaco Boutique\"},\"image\":{\"@id\":\"https:\\\/\\\/manufacturedemonaco.com\\\/en\\\/#\\\/schema\\\/logo\\\/image\\\/\"},\"sameAs\":[\"https:\\\/\\\/www.facebook.com\\\/manufacturedemonaco\\\/\",\"https:\\\/\\\/www.instagram.com\\\/manufacturedemonaco\\\/\"]}]}<\/script>\n<!-- \/ Yoast SEO plugin. -->","yoast_head_json":{"title":"Coupelle 20 cm","description":"Un design exclusif et intemporel pour cette coupelle en porcelaine de la ligne E, r\u00e9alis\u00e9e \u00e0 la main. Sur votre table basse pour pr\u00e9senter des chocolats, une console pour servir de vide poches, ou votre chevet pour d\u00e9poser vos bijoux, cette coupelle en porcelaine est le cadeau id\u00e9al qui trouve sa place dans tous les int\u00e9rieurs. Votre article peut pr\u00e9senter de petites diff\u00e9rences dans les dimensions et les finitions ce qui est la beaut\u00e9 d\u0092une fabrication main et rend votre pi\u00e8ce unique.","robots":{"index":"index","follow":"follow","max-snippet":"max-snippet:-1","max-image-preview":"max-image-preview:large","max-video-preview":"max-video-preview:-1"},"canonical":"https:\/\/manufacturedemonaco.com\/en\/produit\/coupelle-20-cm-copie\/","og_locale":"en_US","og_type":"article","og_title":"Coupelle 20 cm","og_description":"Un design exclusif et intemporel pour cette coupelle en porcelaine de la ligne E, r\u00e9alis\u00e9e \u00e0 la main. Sur votre table basse pour pr\u00e9senter des chocolats, une console pour servir de vide poches, ou votre chevet pour d\u00e9poser vos bijoux, cette coupelle en porcelaine est le cadeau id\u00e9al qui trouve sa place dans tous les int\u00e9rieurs. Votre article peut pr\u00e9senter de petites diff\u00e9rences dans les dimensions et les finitions ce qui est la beaut\u00e9 d\u0092une fabrication main et rend votre pi\u00e8ce unique.","og_url":"https:\/\/manufacturedemonaco.com\/en\/produit\/coupelle-20-cm-copie\/","og_site_name":"Manufacture de Monaco Boutique","article_publisher":"https:\/\/www.facebook.com\/manufacturedemonaco\/","article_modified_time":"2023-01-20T09:28:05+00:00","og_image":[{"width":1599,"height":1066,"url":"https:\/\/manufacturedemonaco.com\/wp-content\/uploads\/2022\/10\/EC20KP-3.jpg","type":"image\/jpeg"}],"twitter_card":"summary_large_image","twitter_title":"Coupelle 20 cm","twitter_description":"Un design exclusif et intemporel pour cette coupelle en porcelaine de la ligne E, r\u00e9alis\u00e9e \u00e0 la main. Sur votre table basse pour pr\u00e9senter des chocolats, une console pour servir de vide poches, ou votre chevet pour d\u00e9poser vos bijoux, cette coupelle en porcelaine est le cadeau id\u00e9al qui trouve sa place dans tous les int\u00e9rieurs. Votre article peut pr\u00e9senter de petites diff\u00e9rences dans les dimensions et les finitions ce qui est la beaut\u00e9 d\u0092une fabrication main et rend votre pi\u00e8ce unique.","twitter_misc":{"Est. reading time":"1 minute"},"schema":{"@context":"https:\/\/schema.org","@graph":[{"@type":"WebPage","@id":"https:\/\/manufacturedemonaco.com\/en\/produit\/coupelle-20-cm-copie\/","url":"https:\/\/manufacturedemonaco.com\/en\/produit\/coupelle-20-cm-copie\/","name":"Coupelle 20 cm","isPartOf":{"@id":"https:\/\/manufacturedemonaco.com\/en\/#website"},"primaryImageOfPage":{"@id":"https:\/\/manufacturedemonaco.com\/en\/produit\/coupelle-20-cm-copie\/#primaryimage"},"image":{"@id":"https:\/\/manufacturedemonaco.com\/en\/produit\/coupelle-20-cm-copie\/#primaryimage"},"thumbnailUrl":"https:\/\/manufacturedemonaco.com\/wp-content\/uploads\/2022\/10\/EC20KP-3.jpg","datePublished":"2022-10-19T14:46:06+00:00","dateModified":"2023-01-20T09:28:05+00:00","description":"Un design exclusif et intemporel pour cette coupelle en porcelaine de la ligne E, r\u00e9alis\u00e9e \u00e0 la main. Sur votre table basse pour pr\u00e9senter des chocolats, une console pour servir de vide poches, ou votre chevet pour d\u00e9poser vos bijoux, cette coupelle en porcelaine est le cadeau id\u00e9al qui trouve sa place dans tous les int\u00e9rieurs. Votre article peut pr\u00e9senter de petites diff\u00e9rences dans les dimensions et les finitions ce qui est la beaut\u00e9 d\u0092une fabrication main et rend votre pi\u00e8ce unique.","breadcrumb":{"@id":"https:\/\/manufacturedemonaco.com\/en\/produit\/coupelle-20-cm-copie\/#breadcrumb"},"inLanguage":"en-US","potentialAction":[{"@type":"ReadAction","target":["https:\/\/manufacturedemonaco.com\/en\/produit\/coupelle-20-cm-copie\/"]}]},{"@type":"ImageObject","inLanguage":"en-US","@id":"https:\/\/manufacturedemonaco.com\/en\/produit\/coupelle-20-cm-copie\/#primaryimage","url":"https:\/\/manufacturedemonaco.com\/wp-content\/uploads\/2022\/10\/EC20KP-3.jpg","contentUrl":"https:\/\/manufacturedemonaco.com\/wp-content\/uploads\/2022\/10\/EC20KP-3.jpg","width":1599,"height":1066,"caption":"Manufacture de Monaco"},{"@type":"BreadcrumbList","@id":"https:\/\/manufacturedemonaco.com\/en\/produit\/coupelle-20-cm-copie\/#breadcrumb","itemListElement":[{"@type":"ListItem","position":1,"name":"Accueil","item":"https:\/\/manufacturedemonaco.com\/en\/"},{"@type":"ListItem","position":2,"name":"Shop","item":"https:\/\/manufacturedemonaco.com\/en\/shop\/"},{"@type":"ListItem","position":3,"name":"Gift ideas","item":"https:\/\/manufacturedemonaco.com\/en\/categorie-produit\/gift-ideas-en\/"},{"@type":"ListItem","position":4,"name":"Bowl 20 cm"}]},{"@type":"WebSite","@id":"https:\/\/manufacturedemonaco.com\/en\/#website","url":"https:\/\/manufacturedemonaco.com\/en\/","name":"Manufacture de Monaco Boutique","description":"art de la table et d\u00e9coration","publisher":{"@id":"https:\/\/manufacturedemonaco.com\/en\/#organization"},"potentialAction":[{"@type":"SearchAction","target":{"@type":"EntryPoint","urlTemplate":"https:\/\/manufacturedemonaco.com\/en\/?s={search_term_string}"},"query-input":{"@type":"PropertyValueSpecification","valueRequired":true,"valueName":"search_term_string"}}],"inLanguage":"en-US"},{"@type":"Organization","@id":"https:\/\/manufacturedemonaco.com\/en\/#organization","name":"Manufacture de Monaco Boutique","url":"https:\/\/manufacturedemonaco.com\/en\/","logo":{"@type":"ImageObject","inLanguage":"en-US","@id":"https:\/\/manufacturedemonaco.com\/en\/#\/schema\/logo\/image\/","url":"https:\/\/manufacturedemonaco.com\/wp-content\/uploads\/2022\/10\/Logo_boutique_en.png","contentUrl":"https:\/\/manufacturedemonaco.com\/wp-content\/uploads\/2022\/10\/Logo_boutique_en.png","width":1200,"height":960,"caption":"Manufacture de Monaco Boutique"},"image":{"@id":"https:\/\/manufacturedemonaco.com\/en\/#\/schema\/logo\/image\/"},"sameAs":["https:\/\/www.facebook.com\/manufacturedemonaco\/","https:\/\/www.instagram.com\/manufacturedemonaco\/"]}]}},"_links":{"self":[{"href":"https:\/\/manufacturedemonaco.com\/en\/wp-json\/wp\/v2\/product\/2004","targetHints":{"allow":["GET"]}}],"collection":[{"href":"https:\/\/manufacturedemonaco.com\/en\/wp-json\/wp\/v2\/product"}],"about":[{"href":"https:\/\/manufacturedemonaco.com\/en\/wp-json\/wp\/v2\/types\/product"}],"wp:featuredmedia":[{"embeddable":true,"href":"https:\/\/manufacturedemonaco.com\/en\/wp-json\/wp\/v2\/media\/3103"}],"wp:attachment":[{"href":"https:\/\/manufacturedemonaco.com\/en\/wp-json\/wp\/v2\/media?parent=2004"}],"wp:term":[{"taxonomy":"product_brand","embeddable":true,"href":"https:\/\/manufacturedemonaco.com\/en\/wp-json\/wp\/v2\/product_brand?post=2004"},{"taxonomy":"product_cat","embeddable":true,"href":"https:\/\/manufacturedemonaco.com\/en\/wp-json\/wp\/v2\/product_cat?post=2004"},{"taxonomy":"product_tag","embeddable":true,"href":"https:\/\/manufacturedemonaco.com\/en\/wp-json\/wp\/v2\/product_tag?post=2004"},{"taxonomy":"suggestions","embeddable":true,"href":"https:\/\/manufacturedemonaco.com\/en\/wp-json\/wp\/v2\/suggestions?post=2004"}],"curies":[{"name":"wp","href":"https:\/\/api.w.org\/{rel}","templated":true}]}}