{"id":1984,"date":"2022-10-11T19:10:41","date_gmt":"2022-10-11T17:10:41","guid":{"rendered":"https:\/\/manufacturedemonaco.com\/produit\/bougie-parfumee-2\/"},"modified":"2023-01-20T10:29:11","modified_gmt":"2023-01-20T09:29:11","slug":"bougie-parfumee-2","status":"publish","type":"product","link":"https:\/\/manufacturedemonaco.com\/en\/produit\/bougie-parfumee-2\/","title":{"rendered":"Scented candle"},"content":{"rendered":"<p><span data-sheets-value=\"{&quot;1&quot;:2,&quot;2&quot;:&quot;By unit, by pair, or in a color assortment, what is your favorite?nFragrance: Indian Hyacinth or White Pearl, this exceptional flower from the Grasse region, whose delicate white flowers are harvested by hand, one by one, then enclosed in burlap bags, is more commonly known as Tuberose. nConsidered the most fragrant flower in the plant kingdom, it is making a comeback in the Grasse region at the initiative of the Chanel house, which uses the precious juice in the composition of its perfumes.n&quot;}\" data-sheets-userformat=\"{&quot;2&quot;:14847,&quot;3&quot;:{&quot;1&quot;:0,&quot;3&quot;:1},&quot;4&quot;:{&quot;1&quot;:2,&quot;2&quot;:13824474},&quot;5&quot;:{&quot;1&quot;:[{&quot;1&quot;:2,&quot;2&quot;:0,&quot;5&quot;:{&quot;1&quot;:2,&quot;2&quot;:0}},{&quot;1&quot;:0,&quot;2&quot;:0,&quot;3&quot;:3},{&quot;1&quot;:1,&quot;2&quot;:0,&quot;4&quot;:1}]},&quot;6&quot;:{&quot;1&quot;:[{&quot;1&quot;:2,&quot;2&quot;:0,&quot;5&quot;:{&quot;1&quot;:2,&quot;2&quot;:0}},{&quot;1&quot;:0,&quot;2&quot;:0,&quot;3&quot;:3},{&quot;1&quot;:1,&quot;2&quot;:0,&quot;4&quot;:1}]},&quot;7&quot;:{&quot;1&quot;:[{&quot;1&quot;:2,&quot;2&quot;:0,&quot;5&quot;:{&quot;1&quot;:2,&quot;2&quot;:0}},{&quot;1&quot;:0,&quot;2&quot;:0,&quot;3&quot;:3},{&quot;1&quot;:1,&quot;2&quot;:0,&quot;4&quot;:1}]},&quot;8&quot;:{&quot;1&quot;:[{&quot;1&quot;:2,&quot;2&quot;:0,&quot;5&quot;:{&quot;1&quot;:2,&quot;2&quot;:0}},{&quot;1&quot;:0,&quot;2&quot;:0,&quot;3&quot;:3},{&quot;1&quot;:1,&quot;2&quot;:0,&quot;4&quot;:1}]},&quot;9&quot;:0,&quot;10&quot;:1,&quot;11&quot;:4,&quot;14&quot;:{&quot;1&quot;:3,&quot;3&quot;:1},&quot;15&quot;:&quot;Arial&quot;,&quot;16&quot;:12}\">By unit, by pair, or in a color assortment, what is your favorite?<br \/>\nFragrance: Indian Hyacinth or White Pearl, this exceptional flower from the Grasse region, whose delicate white flowers are harvested by hand, one by one, then enclosed in burlap bags, is more commonly known as Tuberose.<br \/>\nConsidered the most fragrant flower in the plant kingdom, it is making a comeback in the Grasse region at the initiative of the Chanel house, which uses the precious juice in the composition of its perfumes.<br \/>\n<\/span><\/p>\n","protected":false},"excerpt":{"rendered":"<p>Porcelain scented candle<br \/>\nDiameter 9 cm, height 10 cm<\/p>\n","protected":false},"featured_media":3271,"template":"","meta":{"_acf_changed":false,"_monsterinsights_skip_tracking":false,"_monsterinsights_sitenote_active":false,"_monsterinsights_sitenote_note":"","_monsterinsights_sitenote_category":0},"product_brand":[],"product_cat":[115,116,117,111],"product_tag":[],"suggestions":[],"class_list":{"0":"post-1984","1":"product","2":"type-product","3":"status-publish","4":"has-post-thumbnail","6":"product_cat-decorative-objects-en","7":"product_cat-for-her-en","8":"product_cat-for-him-en","9":"product_cat-scented-candles-en","11":"first","12":"outofstock","13":"taxable","14":"shipping-taxable","15":"purchasable","16":"product-type-variable","17":"has-default-attributes","18":"wvs-archive-product-wrapper"},"group_of_quantity":0,"min_quantity":0,"max_quantity":"","exclude_order_quantity_value_rules":"no","exclude_category_quantity_rules":"no","combine_variations":"no","acf":[],"yoast_head":"<!-- This site is optimized with the Yoast SEO plugin v27.4 - https:\/\/yoast.com\/product\/yoast-seo-wordpress\/ -->\n<title>Bougie parfum\u00e9e<\/title>\n<meta name=\"description\" content=\"A l&#039;unit\u00e9, par paire, ou en assortiment de couleur, quel est votre coup de coeur? Le parfum: Jacinthe des Indes ou Perle blanche, cette fleur d&#039;exception du pays de Grasse, dont les d\u00e9licates fleurs blanches sont r\u00e9colt\u00e9es \u00e0 la main, une \u00e0 une, puis enferm\u00e9es dans des sacs en toile de jute, est plus comun\u00e9ment appel\u00e9e Tub\u00e9reuse. Consi\u00e9r\u00e9e comme la fleur la plus parfum\u00e9e du r\u00e8gne v\u00e9g\u00e9tal, elle fait son retour en pays de grasse \u00e0 l&#039;initiative de la maison Chanel qui utilise le pr\u00e9cieux jus dans la composition de ses parfums.\" \/>\n<meta name=\"robots\" content=\"index, follow, max-snippet:-1, max-image-preview:large, max-video-preview:-1\" \/>\n<link rel=\"canonical\" href=\"https:\/\/manufacturedemonaco.com\/en\/produit\/bougie-parfumee-2\/\" \/>\n<meta property=\"og:locale\" content=\"en_US\" \/>\n<meta property=\"og:type\" content=\"article\" \/>\n<meta property=\"og:title\" content=\"Bougie parfum\u00e9e\" \/>\n<meta property=\"og:description\" content=\"A l&#039;unit\u00e9, par paire, ou en assortiment de couleur, quel est votre coup de coeur? Le parfum: Jacinthe des Indes ou Perle blanche, cette fleur d&#039;exception du pays de Grasse, dont les d\u00e9licates fleurs blanches sont r\u00e9colt\u00e9es \u00e0 la main, une \u00e0 une, puis enferm\u00e9es dans des sacs en toile de jute, est plus comun\u00e9ment appel\u00e9e Tub\u00e9reuse. Consi\u00e9r\u00e9e comme la fleur la plus parfum\u00e9e du r\u00e8gne v\u00e9g\u00e9tal, elle fait son retour en pays de grasse \u00e0 l&#039;initiative de la maison Chanel qui utilise le pr\u00e9cieux jus dans la composition de ses parfums.\" \/>\n<meta property=\"og:url\" content=\"https:\/\/manufacturedemonaco.com\/en\/produit\/bougie-parfumee-2\/\" \/>\n<meta property=\"og:site_name\" content=\"Manufacture de Monaco Boutique\" \/>\n<meta property=\"article:publisher\" content=\"https:\/\/www.facebook.com\/manufacturedemonaco\/\" \/>\n<meta property=\"article:modified_time\" content=\"2023-01-20T09:29:11+00:00\" \/>\n<meta property=\"og:image\" content=\"https:\/\/manufacturedemonaco.com\/wp-content\/uploads\/2022\/10\/70_100_DB06WP_platine_white.png\" \/>\n\t<meta property=\"og:image:width\" content=\"1599\" \/>\n\t<meta property=\"og:image:height\" content=\"1066\" \/>\n\t<meta property=\"og:image:type\" content=\"image\/png\" \/>\n<meta name=\"twitter:card\" content=\"summary_large_image\" \/>\n<meta name=\"twitter:title\" content=\"Bougie parfum\u00e9e\" \/>\n<meta name=\"twitter:description\" content=\"A l&#039;unit\u00e9, par paire, ou en assortiment de couleur, quel est votre coup de coeur? Le parfum: Jacinthe des Indes ou Perle blanche, cette fleur d&#039;exception du pays de Grasse, dont les d\u00e9licates fleurs blanches sont r\u00e9colt\u00e9es \u00e0 la main, une \u00e0 une, puis enferm\u00e9es dans des sacs en toile de jute, est plus comun\u00e9ment appel\u00e9e Tub\u00e9reuse. Consi\u00e9r\u00e9e comme la fleur la plus parfum\u00e9e du r\u00e8gne v\u00e9g\u00e9tal, elle fait son retour en pays de grasse \u00e0 l&#039;initiative de la maison Chanel qui utilise le pr\u00e9cieux jus dans la composition de ses parfums.\" \/>\n<meta name=\"twitter:label1\" content=\"Est. reading time\" \/>\n\t<meta name=\"twitter:data1\" content=\"1 minute\" \/>\n<script type=\"application\/ld+json\" class=\"yoast-schema-graph\">{\"@context\":\"https:\\\/\\\/schema.org\",\"@graph\":[{\"@type\":\"WebPage\",\"@id\":\"https:\\\/\\\/manufacturedemonaco.com\\\/en\\\/produit\\\/bougie-parfumee-2\\\/\",\"url\":\"https:\\\/\\\/manufacturedemonaco.com\\\/en\\\/produit\\\/bougie-parfumee-2\\\/\",\"name\":\"Bougie parfum\u00e9e\",\"isPartOf\":{\"@id\":\"https:\\\/\\\/manufacturedemonaco.com\\\/en\\\/#website\"},\"primaryImageOfPage\":{\"@id\":\"https:\\\/\\\/manufacturedemonaco.com\\\/en\\\/produit\\\/bougie-parfumee-2\\\/#primaryimage\"},\"image\":{\"@id\":\"https:\\\/\\\/manufacturedemonaco.com\\\/en\\\/produit\\\/bougie-parfumee-2\\\/#primaryimage\"},\"thumbnailUrl\":\"https:\\\/\\\/manufacturedemonaco.com\\\/wp-content\\\/uploads\\\/2022\\\/10\\\/70_100_DB06WP_platine_white.png\",\"datePublished\":\"2022-10-11T17:10:41+00:00\",\"dateModified\":\"2023-01-20T09:29:11+00:00\",\"description\":\"A l'unit\u00e9, par paire, ou en assortiment de couleur, quel est votre coup de coeur? Le parfum: Jacinthe des Indes ou Perle blanche, cette fleur d'exception du pays de Grasse, dont les d\u00e9licates fleurs blanches sont r\u00e9colt\u00e9es \u00e0 la main, une \u00e0 une, puis enferm\u00e9es dans des sacs en toile de jute, est plus comun\u00e9ment appel\u00e9e Tub\u00e9reuse. Consi\u00e9r\u00e9e comme la fleur la plus parfum\u00e9e du r\u00e8gne v\u00e9g\u00e9tal, elle fait son retour en pays de grasse \u00e0 l'initiative de la maison Chanel qui utilise le pr\u00e9cieux jus dans la composition de ses parfums.\",\"breadcrumb\":{\"@id\":\"https:\\\/\\\/manufacturedemonaco.com\\\/en\\\/produit\\\/bougie-parfumee-2\\\/#breadcrumb\"},\"inLanguage\":\"en-US\",\"potentialAction\":[{\"@type\":\"ReadAction\",\"target\":[\"https:\\\/\\\/manufacturedemonaco.com\\\/en\\\/produit\\\/bougie-parfumee-2\\\/\"]}]},{\"@type\":\"ImageObject\",\"inLanguage\":\"en-US\",\"@id\":\"https:\\\/\\\/manufacturedemonaco.com\\\/en\\\/produit\\\/bougie-parfumee-2\\\/#primaryimage\",\"url\":\"https:\\\/\\\/manufacturedemonaco.com\\\/wp-content\\\/uploads\\\/2022\\\/10\\\/70_100_DB06WP_platine_white.png\",\"contentUrl\":\"https:\\\/\\\/manufacturedemonaco.com\\\/wp-content\\\/uploads\\\/2022\\\/10\\\/70_100_DB06WP_platine_white.png\",\"width\":1599,\"height\":1066},{\"@type\":\"BreadcrumbList\",\"@id\":\"https:\\\/\\\/manufacturedemonaco.com\\\/en\\\/produit\\\/bougie-parfumee-2\\\/#breadcrumb\",\"itemListElement\":[{\"@type\":\"ListItem\",\"position\":1,\"name\":\"Accueil\",\"item\":\"https:\\\/\\\/manufacturedemonaco.com\\\/en\\\/\"},{\"@type\":\"ListItem\",\"position\":2,\"name\":\"Shop\",\"item\":\"https:\\\/\\\/manufacturedemonaco.com\\\/en\\\/shop\\\/\"},{\"@type\":\"ListItem\",\"position\":3,\"name\":\"Gift ideas\",\"item\":\"https:\\\/\\\/manufacturedemonaco.com\\\/en\\\/categorie-produit\\\/gift-ideas-en\\\/\"},{\"@type\":\"ListItem\",\"position\":4,\"name\":\"For her\",\"item\":\"https:\\\/\\\/manufacturedemonaco.com\\\/en\\\/categorie-produit\\\/gift-ideas-en\\\/for-her-en\\\/\"},{\"@type\":\"ListItem\",\"position\":5,\"name\":\"Scented candle\"}]},{\"@type\":\"WebSite\",\"@id\":\"https:\\\/\\\/manufacturedemonaco.com\\\/en\\\/#website\",\"url\":\"https:\\\/\\\/manufacturedemonaco.com\\\/en\\\/\",\"name\":\"Manufacture de Monaco Boutique\",\"description\":\"art de la table et d\u00e9coration\",\"publisher\":{\"@id\":\"https:\\\/\\\/manufacturedemonaco.com\\\/en\\\/#organization\"},\"potentialAction\":[{\"@type\":\"SearchAction\",\"target\":{\"@type\":\"EntryPoint\",\"urlTemplate\":\"https:\\\/\\\/manufacturedemonaco.com\\\/en\\\/?s={search_term_string}\"},\"query-input\":{\"@type\":\"PropertyValueSpecification\",\"valueRequired\":true,\"valueName\":\"search_term_string\"}}],\"inLanguage\":\"en-US\"},{\"@type\":\"Organization\",\"@id\":\"https:\\\/\\\/manufacturedemonaco.com\\\/en\\\/#organization\",\"name\":\"Manufacture de Monaco Boutique\",\"url\":\"https:\\\/\\\/manufacturedemonaco.com\\\/en\\\/\",\"logo\":{\"@type\":\"ImageObject\",\"inLanguage\":\"en-US\",\"@id\":\"https:\\\/\\\/manufacturedemonaco.com\\\/en\\\/#\\\/schema\\\/logo\\\/image\\\/\",\"url\":\"https:\\\/\\\/manufacturedemonaco.com\\\/wp-content\\\/uploads\\\/2022\\\/10\\\/Logo_boutique_en.png\",\"contentUrl\":\"https:\\\/\\\/manufacturedemonaco.com\\\/wp-content\\\/uploads\\\/2022\\\/10\\\/Logo_boutique_en.png\",\"width\":1200,\"height\":960,\"caption\":\"Manufacture de Monaco Boutique\"},\"image\":{\"@id\":\"https:\\\/\\\/manufacturedemonaco.com\\\/en\\\/#\\\/schema\\\/logo\\\/image\\\/\"},\"sameAs\":[\"https:\\\/\\\/www.facebook.com\\\/manufacturedemonaco\\\/\",\"https:\\\/\\\/www.instagram.com\\\/manufacturedemonaco\\\/\"]}]}<\/script>\n<!-- \/ Yoast SEO plugin. -->","yoast_head_json":{"title":"Bougie parfum\u00e9e","description":"A l'unit\u00e9, par paire, ou en assortiment de couleur, quel est votre coup de coeur? Le parfum: Jacinthe des Indes ou Perle blanche, cette fleur d'exception du pays de Grasse, dont les d\u00e9licates fleurs blanches sont r\u00e9colt\u00e9es \u00e0 la main, une \u00e0 une, puis enferm\u00e9es dans des sacs en toile de jute, est plus comun\u00e9ment appel\u00e9e Tub\u00e9reuse. Consi\u00e9r\u00e9e comme la fleur la plus parfum\u00e9e du r\u00e8gne v\u00e9g\u00e9tal, elle fait son retour en pays de grasse \u00e0 l'initiative de la maison Chanel qui utilise le pr\u00e9cieux jus dans la composition de ses parfums.","robots":{"index":"index","follow":"follow","max-snippet":"max-snippet:-1","max-image-preview":"max-image-preview:large","max-video-preview":"max-video-preview:-1"},"canonical":"https:\/\/manufacturedemonaco.com\/en\/produit\/bougie-parfumee-2\/","og_locale":"en_US","og_type":"article","og_title":"Bougie parfum\u00e9e","og_description":"A l'unit\u00e9, par paire, ou en assortiment de couleur, quel est votre coup de coeur? Le parfum: Jacinthe des Indes ou Perle blanche, cette fleur d'exception du pays de Grasse, dont les d\u00e9licates fleurs blanches sont r\u00e9colt\u00e9es \u00e0 la main, une \u00e0 une, puis enferm\u00e9es dans des sacs en toile de jute, est plus comun\u00e9ment appel\u00e9e Tub\u00e9reuse. Consi\u00e9r\u00e9e comme la fleur la plus parfum\u00e9e du r\u00e8gne v\u00e9g\u00e9tal, elle fait son retour en pays de grasse \u00e0 l'initiative de la maison Chanel qui utilise le pr\u00e9cieux jus dans la composition de ses parfums.","og_url":"https:\/\/manufacturedemonaco.com\/en\/produit\/bougie-parfumee-2\/","og_site_name":"Manufacture de Monaco Boutique","article_publisher":"https:\/\/www.facebook.com\/manufacturedemonaco\/","article_modified_time":"2023-01-20T09:29:11+00:00","og_image":[{"width":1599,"height":1066,"url":"https:\/\/manufacturedemonaco.com\/wp-content\/uploads\/2022\/10\/70_100_DB06WP_platine_white.png","type":"image\/png"}],"twitter_card":"summary_large_image","twitter_title":"Bougie parfum\u00e9e","twitter_description":"A l'unit\u00e9, par paire, ou en assortiment de couleur, quel est votre coup de coeur? Le parfum: Jacinthe des Indes ou Perle blanche, cette fleur d'exception du pays de Grasse, dont les d\u00e9licates fleurs blanches sont r\u00e9colt\u00e9es \u00e0 la main, une \u00e0 une, puis enferm\u00e9es dans des sacs en toile de jute, est plus comun\u00e9ment appel\u00e9e Tub\u00e9reuse. Consi\u00e9r\u00e9e comme la fleur la plus parfum\u00e9e du r\u00e8gne v\u00e9g\u00e9tal, elle fait son retour en pays de grasse \u00e0 l'initiative de la maison Chanel qui utilise le pr\u00e9cieux jus dans la composition de ses parfums.","twitter_misc":{"Est. reading time":"1 minute"},"schema":{"@context":"https:\/\/schema.org","@graph":[{"@type":"WebPage","@id":"https:\/\/manufacturedemonaco.com\/en\/produit\/bougie-parfumee-2\/","url":"https:\/\/manufacturedemonaco.com\/en\/produit\/bougie-parfumee-2\/","name":"Bougie parfum\u00e9e","isPartOf":{"@id":"https:\/\/manufacturedemonaco.com\/en\/#website"},"primaryImageOfPage":{"@id":"https:\/\/manufacturedemonaco.com\/en\/produit\/bougie-parfumee-2\/#primaryimage"},"image":{"@id":"https:\/\/manufacturedemonaco.com\/en\/produit\/bougie-parfumee-2\/#primaryimage"},"thumbnailUrl":"https:\/\/manufacturedemonaco.com\/wp-content\/uploads\/2022\/10\/70_100_DB06WP_platine_white.png","datePublished":"2022-10-11T17:10:41+00:00","dateModified":"2023-01-20T09:29:11+00:00","description":"A l'unit\u00e9, par paire, ou en assortiment de couleur, quel est votre coup de coeur? Le parfum: Jacinthe des Indes ou Perle blanche, cette fleur d'exception du pays de Grasse, dont les d\u00e9licates fleurs blanches sont r\u00e9colt\u00e9es \u00e0 la main, une \u00e0 une, puis enferm\u00e9es dans des sacs en toile de jute, est plus comun\u00e9ment appel\u00e9e Tub\u00e9reuse. Consi\u00e9r\u00e9e comme la fleur la plus parfum\u00e9e du r\u00e8gne v\u00e9g\u00e9tal, elle fait son retour en pays de grasse \u00e0 l'initiative de la maison Chanel qui utilise le pr\u00e9cieux jus dans la composition de ses parfums.","breadcrumb":{"@id":"https:\/\/manufacturedemonaco.com\/en\/produit\/bougie-parfumee-2\/#breadcrumb"},"inLanguage":"en-US","potentialAction":[{"@type":"ReadAction","target":["https:\/\/manufacturedemonaco.com\/en\/produit\/bougie-parfumee-2\/"]}]},{"@type":"ImageObject","inLanguage":"en-US","@id":"https:\/\/manufacturedemonaco.com\/en\/produit\/bougie-parfumee-2\/#primaryimage","url":"https:\/\/manufacturedemonaco.com\/wp-content\/uploads\/2022\/10\/70_100_DB06WP_platine_white.png","contentUrl":"https:\/\/manufacturedemonaco.com\/wp-content\/uploads\/2022\/10\/70_100_DB06WP_platine_white.png","width":1599,"height":1066},{"@type":"BreadcrumbList","@id":"https:\/\/manufacturedemonaco.com\/en\/produit\/bougie-parfumee-2\/#breadcrumb","itemListElement":[{"@type":"ListItem","position":1,"name":"Accueil","item":"https:\/\/manufacturedemonaco.com\/en\/"},{"@type":"ListItem","position":2,"name":"Shop","item":"https:\/\/manufacturedemonaco.com\/en\/shop\/"},{"@type":"ListItem","position":3,"name":"Gift ideas","item":"https:\/\/manufacturedemonaco.com\/en\/categorie-produit\/gift-ideas-en\/"},{"@type":"ListItem","position":4,"name":"For her","item":"https:\/\/manufacturedemonaco.com\/en\/categorie-produit\/gift-ideas-en\/for-her-en\/"},{"@type":"ListItem","position":5,"name":"Scented candle"}]},{"@type":"WebSite","@id":"https:\/\/manufacturedemonaco.com\/en\/#website","url":"https:\/\/manufacturedemonaco.com\/en\/","name":"Manufacture de Monaco Boutique","description":"art de la table et d\u00e9coration","publisher":{"@id":"https:\/\/manufacturedemonaco.com\/en\/#organization"},"potentialAction":[{"@type":"SearchAction","target":{"@type":"EntryPoint","urlTemplate":"https:\/\/manufacturedemonaco.com\/en\/?s={search_term_string}"},"query-input":{"@type":"PropertyValueSpecification","valueRequired":true,"valueName":"search_term_string"}}],"inLanguage":"en-US"},{"@type":"Organization","@id":"https:\/\/manufacturedemonaco.com\/en\/#organization","name":"Manufacture de Monaco Boutique","url":"https:\/\/manufacturedemonaco.com\/en\/","logo":{"@type":"ImageObject","inLanguage":"en-US","@id":"https:\/\/manufacturedemonaco.com\/en\/#\/schema\/logo\/image\/","url":"https:\/\/manufacturedemonaco.com\/wp-content\/uploads\/2022\/10\/Logo_boutique_en.png","contentUrl":"https:\/\/manufacturedemonaco.com\/wp-content\/uploads\/2022\/10\/Logo_boutique_en.png","width":1200,"height":960,"caption":"Manufacture de Monaco Boutique"},"image":{"@id":"https:\/\/manufacturedemonaco.com\/en\/#\/schema\/logo\/image\/"},"sameAs":["https:\/\/www.facebook.com\/manufacturedemonaco\/","https:\/\/www.instagram.com\/manufacturedemonaco\/"]}]}},"_links":{"self":[{"href":"https:\/\/manufacturedemonaco.com\/en\/wp-json\/wp\/v2\/product\/1984","targetHints":{"allow":["GET"]}}],"collection":[{"href":"https:\/\/manufacturedemonaco.com\/en\/wp-json\/wp\/v2\/product"}],"about":[{"href":"https:\/\/manufacturedemonaco.com\/en\/wp-json\/wp\/v2\/types\/product"}],"wp:featuredmedia":[{"embeddable":true,"href":"https:\/\/manufacturedemonaco.com\/en\/wp-json\/wp\/v2\/media\/3271"}],"wp:attachment":[{"href":"https:\/\/manufacturedemonaco.com\/en\/wp-json\/wp\/v2\/media?parent=1984"}],"wp:term":[{"taxonomy":"product_brand","embeddable":true,"href":"https:\/\/manufacturedemonaco.com\/en\/wp-json\/wp\/v2\/product_brand?post=1984"},{"taxonomy":"product_cat","embeddable":true,"href":"https:\/\/manufacturedemonaco.com\/en\/wp-json\/wp\/v2\/product_cat?post=1984"},{"taxonomy":"product_tag","embeddable":true,"href":"https:\/\/manufacturedemonaco.com\/en\/wp-json\/wp\/v2\/product_tag?post=1984"},{"taxonomy":"suggestions","embeddable":true,"href":"https:\/\/manufacturedemonaco.com\/en\/wp-json\/wp\/v2\/suggestions?post=1984"}],"curies":[{"name":"wp","href":"https:\/\/api.w.org\/{rel}","templated":true}]}}